{"id":9197,"date":"2025-08-26T13:01:18","date_gmt":"2025-08-26T13:01:18","guid":{"rendered":"https:\/\/lavigny.net\/?post_type=product&#038;p=9197"},"modified":"2025-09-02T06:31:18","modified_gmt":"2025-09-02T06:31:18","slug":"prairies-dansantes-copy","status":"publish","type":"product","link":"https:\/\/lavigny.net\/fr\/produit\/prairies-dansantes-copy\/","title":{"rendered":"Lignes Suspendues"},"content":{"rendered":"<ul>\n<li>Foulard double face<\/li>\n<li>100% soie (17,5 mommes)<\/li>\n<li>Roulott\u00e9 main<\/li>\n<li>Fabriqu\u00e9 en France<\/li>\n<li>Nettoyage \u00e0 sec uniquement<\/li>\n<\/ul>\n","protected":false},"excerpt":{"rendered":"<p data-start=\"159\" data-end=\"195\">Deux faces, deux fleurs : Ce foulard en soie double face est loin d&rsquo;\u00eatre ordinaire. Avec la silhouette graphique du Centre Pompidou sur les deux faces, il apporte une touche arty et ludique, con\u00e7ue pour attirer le regard sous tous les angles.<\/p>\n<p class=\"\" data-start=\"391\" data-end=\"661\">Fabriqu\u00e9 en soie, il est exceptionnellement doux sur la peau et r\u00e9v\u00e8le des tons riches et lumineux sur chaque surface. Qu&rsquo;il soit nou\u00e9 autour du cou, port\u00e9 comme foulard ou sur un sac, il offre deux fois plus de charme en un seul accessoire intemporel. <\/p>\n<p class=\"\" data-start=\"729\" data-end=\"789\">\n","protected":false},"featured_media":9272,"comment_status":"closed","ping_status":"closed","template":"","meta":{"inline_featured_image":false},"product_brand":[],"product_cat":[159,157,160,158],"product_tag":[],"class_list":{"0":"post-9197","1":"product","2":"type-product","3":"status-publish","4":"has-post-thumbnail","6":"product_cat-90-x-90-classique","7":"product_cat-foulards-double-face","8":"product_cat-jardin-mystique","9":"product_cat-soie","11":"first","12":"instock","13":"taxable","14":"shipping-taxable","15":"purchasable","16":"product-type-variable"},"yoast_head":"<!-- This site is optimized with the Yoast SEO plugin v27.4 - https:\/\/yoast.com\/product\/yoast-seo-wordpress\/ -->\n<title>Lignes Suspendues - lavigny.net<\/title>\n<meta name=\"robots\" content=\"index, follow, max-snippet:-1, max-image-preview:large, max-video-preview:-1\" \/>\n<link rel=\"canonical\" href=\"https:\/\/lavigny.net\/fr\/produit\/prairies-dansantes-copy\/\" \/>\n<meta property=\"og:locale\" content=\"fr_FR\" \/>\n<meta property=\"og:type\" content=\"article\" \/>\n<meta property=\"og:title\" content=\"Lignes Suspendues - lavigny.net\" \/>\n<meta property=\"og:description\" content=\"Deux faces, deux fleurs : Ce foulard en soie double face est loin d&#039;\u00eatre ordinaire. Avec la silhouette graphique du Centre Pompidou sur les deux faces, il apporte une touche arty et ludique, con\u00e7ue pour attirer le regard sous tous les angles. Fabriqu\u00e9 en soie, il est exceptionnellement doux sur la peau et r\u00e9v\u00e8le des tons riches et lumineux sur chaque surface. Qu&#039;il soit nou\u00e9 autour du cou, port\u00e9 comme foulard ou sur un sac, il offre deux fois plus de charme en un seul accessoire intemporel.\" \/>\n<meta property=\"og:url\" content=\"https:\/\/lavigny.net\/fr\/produit\/prairies-dansantes-copy\/\" \/>\n<meta property=\"og:site_name\" content=\"lavigny.net\" \/>\n<meta property=\"article:modified_time\" content=\"2025-09-02T06:31:18+00:00\" \/>\n<meta property=\"og:image\" content=\"https:\/\/lavigny.net\/wp-content\/uploads\/2025\/08\/Lignes-suspendues.png\" \/>\n\t<meta property=\"og:image:width\" content=\"1035\" \/>\n\t<meta property=\"og:image:height\" content=\"1035\" \/>\n\t<meta property=\"og:image:type\" content=\"image\/png\" \/>\n<meta name=\"twitter:card\" content=\"summary_large_image\" \/>\n<script type=\"application\/ld+json\" class=\"yoast-schema-graph\">{\"@context\":\"https:\\\/\\\/schema.org\",\"@graph\":[{\"@type\":\"WebPage\",\"@id\":\"https:\\\/\\\/lavigny.net\\\/fr\\\/produit\\\/prairies-dansantes-copy\\\/\",\"url\":\"https:\\\/\\\/lavigny.net\\\/fr\\\/produit\\\/prairies-dansantes-copy\\\/\",\"name\":\"Lignes Suspendues - lavigny.net\",\"isPartOf\":{\"@id\":\"https:\\\/\\\/lavigny.net\\\/fr\\\/#website\"},\"primaryImageOfPage\":{\"@id\":\"https:\\\/\\\/lavigny.net\\\/fr\\\/produit\\\/prairies-dansantes-copy\\\/#primaryimage\"},\"image\":{\"@id\":\"https:\\\/\\\/lavigny.net\\\/fr\\\/produit\\\/prairies-dansantes-copy\\\/#primaryimage\"},\"thumbnailUrl\":\"https:\\\/\\\/lavigny.net\\\/wp-content\\\/uploads\\\/2025\\\/08\\\/Lignes-suspendues.png\",\"datePublished\":\"2025-08-26T13:01:18+00:00\",\"dateModified\":\"2025-09-02T06:31:18+00:00\",\"breadcrumb\":{\"@id\":\"https:\\\/\\\/lavigny.net\\\/fr\\\/produit\\\/prairies-dansantes-copy\\\/#breadcrumb\"},\"inLanguage\":\"fr-FR\",\"potentialAction\":[{\"@type\":\"ReadAction\",\"target\":[\"https:\\\/\\\/lavigny.net\\\/fr\\\/produit\\\/prairies-dansantes-copy\\\/\"]}]},{\"@type\":\"ImageObject\",\"inLanguage\":\"fr-FR\",\"@id\":\"https:\\\/\\\/lavigny.net\\\/fr\\\/produit\\\/prairies-dansantes-copy\\\/#primaryimage\",\"url\":\"https:\\\/\\\/lavigny.net\\\/wp-content\\\/uploads\\\/2025\\\/08\\\/Lignes-suspendues.png\",\"contentUrl\":\"https:\\\/\\\/lavigny.net\\\/wp-content\\\/uploads\\\/2025\\\/08\\\/Lignes-suspendues.png\",\"width\":1035,\"height\":1035},{\"@type\":\"BreadcrumbList\",\"@id\":\"https:\\\/\\\/lavigny.net\\\/fr\\\/produit\\\/prairies-dansantes-copy\\\/#breadcrumb\",\"itemListElement\":[{\"@type\":\"ListItem\",\"position\":1,\"name\":\"Home\",\"item\":\"https:\\\/\\\/lavigny.net\\\/fr\\\/accueil\\\/\"},{\"@type\":\"ListItem\",\"position\":2,\"name\":\"Shop\",\"item\":\"https:\\\/\\\/lavigny.net\\\/fr\\\/boutique\\\/\"},{\"@type\":\"ListItem\",\"position\":3,\"name\":\"Lignes Suspendues\"}]},{\"@type\":\"WebSite\",\"@id\":\"https:\\\/\\\/lavigny.net\\\/fr\\\/#website\",\"url\":\"https:\\\/\\\/lavigny.net\\\/fr\\\/\",\"name\":\"lavigny.net\",\"description\":\"\",\"publisher\":{\"@id\":\"https:\\\/\\\/lavigny.net\\\/fr\\\/#organization\"},\"potentialAction\":[{\"@type\":\"SearchAction\",\"target\":{\"@type\":\"EntryPoint\",\"urlTemplate\":\"https:\\\/\\\/lavigny.net\\\/fr\\\/?s={search_term_string}\"},\"query-input\":{\"@type\":\"PropertyValueSpecification\",\"valueRequired\":true,\"valueName\":\"search_term_string\"}}],\"inLanguage\":\"fr-FR\"},{\"@type\":\"Organization\",\"@id\":\"https:\\\/\\\/lavigny.net\\\/fr\\\/#organization\",\"name\":\"lavigny.net\",\"url\":\"https:\\\/\\\/lavigny.net\\\/fr\\\/\",\"logo\":{\"@type\":\"ImageObject\",\"inLanguage\":\"fr-FR\",\"@id\":\"https:\\\/\\\/lavigny.net\\\/fr\\\/#\\\/schema\\\/logo\\\/image\\\/\",\"url\":\"https:\\\/\\\/lavigny.net\\\/wp-content\\\/uploads\\\/2025\\\/05\\\/cropped-logo_lavigny-scaled-1.png\",\"contentUrl\":\"https:\\\/\\\/lavigny.net\\\/wp-content\\\/uploads\\\/2025\\\/05\\\/cropped-logo_lavigny-scaled-1.png\",\"width\":938,\"height\":948,\"caption\":\"lavigny.net\"},\"image\":{\"@id\":\"https:\\\/\\\/lavigny.net\\\/fr\\\/#\\\/schema\\\/logo\\\/image\\\/\"}}]}<\/script>\n<!-- \/ Yoast SEO plugin. -->","yoast_head_json":{"title":"Lignes Suspendues - lavigny.net","robots":{"index":"index","follow":"follow","max-snippet":"max-snippet:-1","max-image-preview":"max-image-preview:large","max-video-preview":"max-video-preview:-1"},"canonical":"https:\/\/lavigny.net\/fr\/produit\/prairies-dansantes-copy\/","og_locale":"fr_FR","og_type":"article","og_title":"Lignes Suspendues - lavigny.net","og_description":"Deux faces, deux fleurs : Ce foulard en soie double face est loin d'\u00eatre ordinaire. Avec la silhouette graphique du Centre Pompidou sur les deux faces, il apporte une touche arty et ludique, con\u00e7ue pour attirer le regard sous tous les angles. Fabriqu\u00e9 en soie, il est exceptionnellement doux sur la peau et r\u00e9v\u00e8le des tons riches et lumineux sur chaque surface. Qu'il soit nou\u00e9 autour du cou, port\u00e9 comme foulard ou sur un sac, il offre deux fois plus de charme en un seul accessoire intemporel.","og_url":"https:\/\/lavigny.net\/fr\/produit\/prairies-dansantes-copy\/","og_site_name":"lavigny.net","article_modified_time":"2025-09-02T06:31:18+00:00","og_image":[{"width":1035,"height":1035,"url":"https:\/\/lavigny.net\/wp-content\/uploads\/2025\/08\/Lignes-suspendues.png","type":"image\/png"}],"twitter_card":"summary_large_image","schema":{"@context":"https:\/\/schema.org","@graph":[{"@type":"WebPage","@id":"https:\/\/lavigny.net\/fr\/produit\/prairies-dansantes-copy\/","url":"https:\/\/lavigny.net\/fr\/produit\/prairies-dansantes-copy\/","name":"Lignes Suspendues - lavigny.net","isPartOf":{"@id":"https:\/\/lavigny.net\/fr\/#website"},"primaryImageOfPage":{"@id":"https:\/\/lavigny.net\/fr\/produit\/prairies-dansantes-copy\/#primaryimage"},"image":{"@id":"https:\/\/lavigny.net\/fr\/produit\/prairies-dansantes-copy\/#primaryimage"},"thumbnailUrl":"https:\/\/lavigny.net\/wp-content\/uploads\/2025\/08\/Lignes-suspendues.png","datePublished":"2025-08-26T13:01:18+00:00","dateModified":"2025-09-02T06:31:18+00:00","breadcrumb":{"@id":"https:\/\/lavigny.net\/fr\/produit\/prairies-dansantes-copy\/#breadcrumb"},"inLanguage":"fr-FR","potentialAction":[{"@type":"ReadAction","target":["https:\/\/lavigny.net\/fr\/produit\/prairies-dansantes-copy\/"]}]},{"@type":"ImageObject","inLanguage":"fr-FR","@id":"https:\/\/lavigny.net\/fr\/produit\/prairies-dansantes-copy\/#primaryimage","url":"https:\/\/lavigny.net\/wp-content\/uploads\/2025\/08\/Lignes-suspendues.png","contentUrl":"https:\/\/lavigny.net\/wp-content\/uploads\/2025\/08\/Lignes-suspendues.png","width":1035,"height":1035},{"@type":"BreadcrumbList","@id":"https:\/\/lavigny.net\/fr\/produit\/prairies-dansantes-copy\/#breadcrumb","itemListElement":[{"@type":"ListItem","position":1,"name":"Home","item":"https:\/\/lavigny.net\/fr\/accueil\/"},{"@type":"ListItem","position":2,"name":"Shop","item":"https:\/\/lavigny.net\/fr\/boutique\/"},{"@type":"ListItem","position":3,"name":"Lignes Suspendues"}]},{"@type":"WebSite","@id":"https:\/\/lavigny.net\/fr\/#website","url":"https:\/\/lavigny.net\/fr\/","name":"lavigny.net","description":"","publisher":{"@id":"https:\/\/lavigny.net\/fr\/#organization"},"potentialAction":[{"@type":"SearchAction","target":{"@type":"EntryPoint","urlTemplate":"https:\/\/lavigny.net\/fr\/?s={search_term_string}"},"query-input":{"@type":"PropertyValueSpecification","valueRequired":true,"valueName":"search_term_string"}}],"inLanguage":"fr-FR"},{"@type":"Organization","@id":"https:\/\/lavigny.net\/fr\/#organization","name":"lavigny.net","url":"https:\/\/lavigny.net\/fr\/","logo":{"@type":"ImageObject","inLanguage":"fr-FR","@id":"https:\/\/lavigny.net\/fr\/#\/schema\/logo\/image\/","url":"https:\/\/lavigny.net\/wp-content\/uploads\/2025\/05\/cropped-logo_lavigny-scaled-1.png","contentUrl":"https:\/\/lavigny.net\/wp-content\/uploads\/2025\/05\/cropped-logo_lavigny-scaled-1.png","width":938,"height":948,"caption":"lavigny.net"},"image":{"@id":"https:\/\/lavigny.net\/fr\/#\/schema\/logo\/image\/"}}]}},"_links":{"self":[{"href":"https:\/\/lavigny.net\/fr\/wp-json\/wp\/v2\/product\/9197","targetHints":{"allow":["GET"]}}],"collection":[{"href":"https:\/\/lavigny.net\/fr\/wp-json\/wp\/v2\/product"}],"about":[{"href":"https:\/\/lavigny.net\/fr\/wp-json\/wp\/v2\/types\/product"}],"replies":[{"embeddable":true,"href":"https:\/\/lavigny.net\/fr\/wp-json\/wp\/v2\/comments?post=9197"}],"wp:featuredmedia":[{"embeddable":true,"href":"https:\/\/lavigny.net\/fr\/wp-json\/wp\/v2\/media\/9272"}],"wp:attachment":[{"href":"https:\/\/lavigny.net\/fr\/wp-json\/wp\/v2\/media?parent=9197"}],"wp:term":[{"taxonomy":"product_brand","embeddable":true,"href":"https:\/\/lavigny.net\/fr\/wp-json\/wp\/v2\/product_brand?post=9197"},{"taxonomy":"product_cat","embeddable":true,"href":"https:\/\/lavigny.net\/fr\/wp-json\/wp\/v2\/product_cat?post=9197"},{"taxonomy":"product_tag","embeddable":true,"href":"https:\/\/lavigny.net\/fr\/wp-json\/wp\/v2\/product_tag?post=9197"}],"curies":[{"name":"wp","href":"https:\/\/api.w.org\/{rel}","templated":true}]}}