{"id":9062,"date":"2024-10-28T09:23:18","date_gmt":"2024-10-28T09:23:18","guid":{"rendered":"https:\/\/lavigny.net\/?product=expression-libre"},"modified":"2025-09-02T06:37:31","modified_gmt":"2025-09-02T06:37:31","slug":"expression-libre","status":"publish","type":"product","link":"https:\/\/lavigny.net\/fr\/produit\/expression-libre\/","title":{"rendered":"Traits d&rsquo;Expression"},"content":{"rendered":"<ul>\n<li>Foulard double face<\/li>\n<li>100% soie (17,5 mommes)<\/li>\n<li>Roulott\u00e9 main<\/li>\n<li>Fabriqu\u00e9 et con\u00e7u en France<\/li>\n<li>Nettoyage \u00e0 sec uniquement<\/li>\n<\/ul>\n","protected":false},"excerpt":{"rendered":"<p class=\"\" data-start=\"179\" data-end=\"444\">Spontan\u00e9, audacieux et plein de caract\u00e8re : ce foulard en soie double face transforme chaque pli en un terrain de jeu de croquis dessin\u00e9s \u00e0 la main et de gribouillis inspir\u00e9s des graffitis. Joyeusement chaotique mais parfaitement \u00e9quilibr\u00e9, il c\u00e9l\u00e8bre la libert\u00e9 cr\u00e9ative avec une touche ludique. <\/p>\n<p class=\"\" data-start=\"446\" data-end=\"642\">Imprim\u00e9 sur de la soie raffin\u00e9e, le foulard est doux et luxueux tout en regorgeant de d\u00e9tails expressifs des deux c\u00f4t\u00e9s. Attachez-le \u00e0 votre guise et laissez votre style parler \u2014 ou gribouiller \u2014 pour lui-m\u00eame. <\/p>\n","protected":false},"featured_media":9268,"comment_status":"open","ping_status":"closed","template":"","meta":{"inline_featured_image":false},"product_brand":[],"product_cat":[163,162,159,157,167,158],"product_tag":[],"class_list":{"0":"post-9062","1":"product","2":"type-product","3":"status-publish","4":"has-post-thumbnail","6":"product_cat-45-x-45-gavroche","7":"product_cat-70-x-70-classique","8":"product_cat-90-x-90-classique","9":"product_cat-foulards-double-face","10":"product_cat-jeu-abstrait","11":"product_cat-soie","13":"first","14":"instock","15":"taxable","16":"shipping-taxable","17":"purchasable","18":"product-type-variable"},"yoast_head":"<!-- This site is optimized with the Yoast SEO plugin v27.4 - https:\/\/yoast.com\/product\/yoast-seo-wordpress\/ -->\n<title>Traits d&#039;Expression - lavigny.net<\/title>\n<meta name=\"robots\" content=\"index, follow, max-snippet:-1, max-image-preview:large, max-video-preview:-1\" \/>\n<link rel=\"canonical\" href=\"https:\/\/lavigny.net\/fr\/produit\/expression-libre\/\" \/>\n<meta property=\"og:locale\" content=\"fr_FR\" \/>\n<meta property=\"og:type\" content=\"article\" \/>\n<meta property=\"og:title\" content=\"Traits d&#039;Expression - lavigny.net\" \/>\n<meta property=\"og:description\" content=\"Spontan\u00e9, audacieux et plein de caract\u00e8re : ce foulard en soie double face transforme chaque pli en un terrain de jeu de croquis dessin\u00e9s \u00e0 la main et de gribouillis inspir\u00e9s des graffitis. Joyeusement chaotique mais parfaitement \u00e9quilibr\u00e9, il c\u00e9l\u00e8bre la libert\u00e9 cr\u00e9ative avec une touche ludique. Imprim\u00e9 sur de la soie raffin\u00e9e, le foulard est doux et luxueux tout en regorgeant de d\u00e9tails expressifs des deux c\u00f4t\u00e9s. Attachez-le \u00e0 votre guise et laissez votre style parler \u2014 ou gribouiller \u2014 pour lui-m\u00eame.\" \/>\n<meta property=\"og:url\" content=\"https:\/\/lavigny.net\/fr\/produit\/expression-libre\/\" \/>\n<meta property=\"og:site_name\" content=\"lavigny.net\" \/>\n<meta property=\"article:modified_time\" content=\"2025-09-02T06:37:31+00:00\" \/>\n<meta property=\"og:image\" content=\"https:\/\/lavigny.net\/wp-content\/uploads\/2024\/10\/Expression-libre-site.png\" \/>\n\t<meta property=\"og:image:width\" content=\"1\" \/>\n\t<meta property=\"og:image:height\" content=\"1\" \/>\n\t<meta property=\"og:image:type\" content=\"image\/png\" \/>\n<meta name=\"twitter:card\" content=\"summary_large_image\" \/>\n<script type=\"application\/ld+json\" class=\"yoast-schema-graph\">{\"@context\":\"https:\\\/\\\/schema.org\",\"@graph\":[{\"@type\":\"WebPage\",\"@id\":\"https:\\\/\\\/lavigny.net\\\/fr\\\/produit\\\/expression-libre\\\/\",\"url\":\"https:\\\/\\\/lavigny.net\\\/fr\\\/produit\\\/expression-libre\\\/\",\"name\":\"Traits d'Expression - lavigny.net\",\"isPartOf\":{\"@id\":\"https:\\\/\\\/lavigny.net\\\/fr\\\/#website\"},\"primaryImageOfPage\":{\"@id\":\"https:\\\/\\\/lavigny.net\\\/fr\\\/produit\\\/expression-libre\\\/#primaryimage\"},\"image\":{\"@id\":\"https:\\\/\\\/lavigny.net\\\/fr\\\/produit\\\/expression-libre\\\/#primaryimage\"},\"thumbnailUrl\":\"https:\\\/\\\/lavigny.net\\\/wp-content\\\/uploads\\\/2024\\\/10\\\/Expression-libre-site.png\",\"datePublished\":\"2024-10-28T09:23:18+00:00\",\"dateModified\":\"2025-09-02T06:37:31+00:00\",\"breadcrumb\":{\"@id\":\"https:\\\/\\\/lavigny.net\\\/fr\\\/produit\\\/expression-libre\\\/#breadcrumb\"},\"inLanguage\":\"fr-FR\",\"potentialAction\":[{\"@type\":\"ReadAction\",\"target\":[\"https:\\\/\\\/lavigny.net\\\/fr\\\/produit\\\/expression-libre\\\/\"]}]},{\"@type\":\"ImageObject\",\"inLanguage\":\"fr-FR\",\"@id\":\"https:\\\/\\\/lavigny.net\\\/fr\\\/produit\\\/expression-libre\\\/#primaryimage\",\"url\":\"https:\\\/\\\/lavigny.net\\\/wp-content\\\/uploads\\\/2024\\\/10\\\/Expression-libre-site.png\",\"contentUrl\":\"https:\\\/\\\/lavigny.net\\\/wp-content\\\/uploads\\\/2024\\\/10\\\/Expression-libre-site.png\"},{\"@type\":\"BreadcrumbList\",\"@id\":\"https:\\\/\\\/lavigny.net\\\/fr\\\/produit\\\/expression-libre\\\/#breadcrumb\",\"itemListElement\":[{\"@type\":\"ListItem\",\"position\":1,\"name\":\"Home\",\"item\":\"https:\\\/\\\/lavigny.net\\\/fr\\\/accueil\\\/\"},{\"@type\":\"ListItem\",\"position\":2,\"name\":\"Shop\",\"item\":\"https:\\\/\\\/lavigny.net\\\/fr\\\/boutique\\\/\"},{\"@type\":\"ListItem\",\"position\":3,\"name\":\"Traits d&#8217;Expression\"}]},{\"@type\":\"WebSite\",\"@id\":\"https:\\\/\\\/lavigny.net\\\/fr\\\/#website\",\"url\":\"https:\\\/\\\/lavigny.net\\\/fr\\\/\",\"name\":\"lavigny.net\",\"description\":\"\",\"publisher\":{\"@id\":\"https:\\\/\\\/lavigny.net\\\/fr\\\/#organization\"},\"potentialAction\":[{\"@type\":\"SearchAction\",\"target\":{\"@type\":\"EntryPoint\",\"urlTemplate\":\"https:\\\/\\\/lavigny.net\\\/fr\\\/?s={search_term_string}\"},\"query-input\":{\"@type\":\"PropertyValueSpecification\",\"valueRequired\":true,\"valueName\":\"search_term_string\"}}],\"inLanguage\":\"fr-FR\"},{\"@type\":\"Organization\",\"@id\":\"https:\\\/\\\/lavigny.net\\\/fr\\\/#organization\",\"name\":\"lavigny.net\",\"url\":\"https:\\\/\\\/lavigny.net\\\/fr\\\/\",\"logo\":{\"@type\":\"ImageObject\",\"inLanguage\":\"fr-FR\",\"@id\":\"https:\\\/\\\/lavigny.net\\\/fr\\\/#\\\/schema\\\/logo\\\/image\\\/\",\"url\":\"https:\\\/\\\/lavigny.net\\\/wp-content\\\/uploads\\\/2025\\\/05\\\/cropped-logo_lavigny-scaled-1.png\",\"contentUrl\":\"https:\\\/\\\/lavigny.net\\\/wp-content\\\/uploads\\\/2025\\\/05\\\/cropped-logo_lavigny-scaled-1.png\",\"width\":938,\"height\":948,\"caption\":\"lavigny.net\"},\"image\":{\"@id\":\"https:\\\/\\\/lavigny.net\\\/fr\\\/#\\\/schema\\\/logo\\\/image\\\/\"}}]}<\/script>\n<!-- \/ Yoast SEO plugin. -->","yoast_head_json":{"title":"Traits d'Expression - lavigny.net","robots":{"index":"index","follow":"follow","max-snippet":"max-snippet:-1","max-image-preview":"max-image-preview:large","max-video-preview":"max-video-preview:-1"},"canonical":"https:\/\/lavigny.net\/fr\/produit\/expression-libre\/","og_locale":"fr_FR","og_type":"article","og_title":"Traits d'Expression - lavigny.net","og_description":"Spontan\u00e9, audacieux et plein de caract\u00e8re : ce foulard en soie double face transforme chaque pli en un terrain de jeu de croquis dessin\u00e9s \u00e0 la main et de gribouillis inspir\u00e9s des graffitis. Joyeusement chaotique mais parfaitement \u00e9quilibr\u00e9, il c\u00e9l\u00e8bre la libert\u00e9 cr\u00e9ative avec une touche ludique. Imprim\u00e9 sur de la soie raffin\u00e9e, le foulard est doux et luxueux tout en regorgeant de d\u00e9tails expressifs des deux c\u00f4t\u00e9s. Attachez-le \u00e0 votre guise et laissez votre style parler \u2014 ou gribouiller \u2014 pour lui-m\u00eame.","og_url":"https:\/\/lavigny.net\/fr\/produit\/expression-libre\/","og_site_name":"lavigny.net","article_modified_time":"2025-09-02T06:37:31+00:00","og_image":[{"url":"https:\/\/lavigny.net\/wp-content\/uploads\/2024\/10\/Expression-libre-site.png","width":1,"height":1,"type":"image\/png"}],"twitter_card":"summary_large_image","schema":{"@context":"https:\/\/schema.org","@graph":[{"@type":"WebPage","@id":"https:\/\/lavigny.net\/fr\/produit\/expression-libre\/","url":"https:\/\/lavigny.net\/fr\/produit\/expression-libre\/","name":"Traits d'Expression - lavigny.net","isPartOf":{"@id":"https:\/\/lavigny.net\/fr\/#website"},"primaryImageOfPage":{"@id":"https:\/\/lavigny.net\/fr\/produit\/expression-libre\/#primaryimage"},"image":{"@id":"https:\/\/lavigny.net\/fr\/produit\/expression-libre\/#primaryimage"},"thumbnailUrl":"https:\/\/lavigny.net\/wp-content\/uploads\/2024\/10\/Expression-libre-site.png","datePublished":"2024-10-28T09:23:18+00:00","dateModified":"2025-09-02T06:37:31+00:00","breadcrumb":{"@id":"https:\/\/lavigny.net\/fr\/produit\/expression-libre\/#breadcrumb"},"inLanguage":"fr-FR","potentialAction":[{"@type":"ReadAction","target":["https:\/\/lavigny.net\/fr\/produit\/expression-libre\/"]}]},{"@type":"ImageObject","inLanguage":"fr-FR","@id":"https:\/\/lavigny.net\/fr\/produit\/expression-libre\/#primaryimage","url":"https:\/\/lavigny.net\/wp-content\/uploads\/2024\/10\/Expression-libre-site.png","contentUrl":"https:\/\/lavigny.net\/wp-content\/uploads\/2024\/10\/Expression-libre-site.png"},{"@type":"BreadcrumbList","@id":"https:\/\/lavigny.net\/fr\/produit\/expression-libre\/#breadcrumb","itemListElement":[{"@type":"ListItem","position":1,"name":"Home","item":"https:\/\/lavigny.net\/fr\/accueil\/"},{"@type":"ListItem","position":2,"name":"Shop","item":"https:\/\/lavigny.net\/fr\/boutique\/"},{"@type":"ListItem","position":3,"name":"Traits d&#8217;Expression"}]},{"@type":"WebSite","@id":"https:\/\/lavigny.net\/fr\/#website","url":"https:\/\/lavigny.net\/fr\/","name":"lavigny.net","description":"","publisher":{"@id":"https:\/\/lavigny.net\/fr\/#organization"},"potentialAction":[{"@type":"SearchAction","target":{"@type":"EntryPoint","urlTemplate":"https:\/\/lavigny.net\/fr\/?s={search_term_string}"},"query-input":{"@type":"PropertyValueSpecification","valueRequired":true,"valueName":"search_term_string"}}],"inLanguage":"fr-FR"},{"@type":"Organization","@id":"https:\/\/lavigny.net\/fr\/#organization","name":"lavigny.net","url":"https:\/\/lavigny.net\/fr\/","logo":{"@type":"ImageObject","inLanguage":"fr-FR","@id":"https:\/\/lavigny.net\/fr\/#\/schema\/logo\/image\/","url":"https:\/\/lavigny.net\/wp-content\/uploads\/2025\/05\/cropped-logo_lavigny-scaled-1.png","contentUrl":"https:\/\/lavigny.net\/wp-content\/uploads\/2025\/05\/cropped-logo_lavigny-scaled-1.png","width":938,"height":948,"caption":"lavigny.net"},"image":{"@id":"https:\/\/lavigny.net\/fr\/#\/schema\/logo\/image\/"}}]}},"_links":{"self":[{"href":"https:\/\/lavigny.net\/fr\/wp-json\/wp\/v2\/product\/9062","targetHints":{"allow":["GET"]}}],"collection":[{"href":"https:\/\/lavigny.net\/fr\/wp-json\/wp\/v2\/product"}],"about":[{"href":"https:\/\/lavigny.net\/fr\/wp-json\/wp\/v2\/types\/product"}],"replies":[{"embeddable":true,"href":"https:\/\/lavigny.net\/fr\/wp-json\/wp\/v2\/comments?post=9062"}],"wp:featuredmedia":[{"embeddable":true,"href":"https:\/\/lavigny.net\/fr\/wp-json\/wp\/v2\/media\/9268"}],"wp:attachment":[{"href":"https:\/\/lavigny.net\/fr\/wp-json\/wp\/v2\/media?parent=9062"}],"wp:term":[{"taxonomy":"product_brand","embeddable":true,"href":"https:\/\/lavigny.net\/fr\/wp-json\/wp\/v2\/product_brand?post=9062"},{"taxonomy":"product_cat","embeddable":true,"href":"https:\/\/lavigny.net\/fr\/wp-json\/wp\/v2\/product_cat?post=9062"},{"taxonomy":"product_tag","embeddable":true,"href":"https:\/\/lavigny.net\/fr\/wp-json\/wp\/v2\/product_tag?post=9062"}],"curies":[{"name":"wp","href":"https:\/\/api.w.org\/{rel}","templated":true}]}}