{"id":9052,"date":"2024-10-28T09:05:10","date_gmt":"2024-10-28T09:05:10","guid":{"rendered":"https:\/\/lavigny.net\/?product=symbiose-geo-florale"},"modified":"2025-08-26T14:48:51","modified_gmt":"2025-08-26T14:48:51","slug":"symbiose-geo-florale","status":"publish","type":"product","link":"https:\/\/lavigny.net\/fr\/produit\/symbiose-geo-florale\/","title":{"rendered":"Symbiose Min\u00e9rale"},"content":{"rendered":"<ul>\n<li>Foulard double face<\/li>\n<li>100% soie (17,5 mommes)<\/li>\n<li>Finition roulott\u00e9e machine<\/li>\n<li>Fabriqu\u00e9 en France<\/li>\n<\/ul>\n","protected":false},"excerpt":{"rendered":"<p data-start=\"173\" data-end=\"200\">La g\u00e9om\u00e9trie en fleurs : Ce foulard en soie double face pr\u00e9sente un patchwork saisissant de motifs abstraits et courbes, m\u00ealant rythme g\u00e9om\u00e9trique et inspiration florale. Le r\u00e9sultat est une composition audacieuse et moderne, \u00e0 la fois artistique et facile \u00e0 porter. <\/p>\n<p class=\"\" data-start=\"469\" data-end=\"686\">Imprim\u00e9e sur de la soie, le foulard offre un toucher luxueux et des tons riches et nuanc\u00e9s sur les deux faces. Que vous le drapiez, le nouiez ou le laissiez couler, il ajoute une touche d&rsquo;\u00e9l\u00e9gance contemporaine \u00e0 toutes les silhouettes. <\/p>\n","protected":false},"featured_media":9321,"comment_status":"open","ping_status":"closed","template":"","meta":{"inline_featured_image":false},"product_brand":[],"product_cat":[159,157,156,158],"product_tag":[],"class_list":{"0":"post-9052","1":"product","2":"type-product","3":"status-publish","4":"has-post-thumbnail","6":"product_cat-90-x-90-classique","7":"product_cat-foulards-double-face","8":"product_cat-poesie-geometrique","9":"product_cat-soie","11":"first","12":"instock","13":"taxable","14":"shipping-taxable","15":"purchasable","16":"product-type-variable"},"yoast_head":"<!-- This site is optimized with the Yoast SEO plugin v27.4 - https:\/\/yoast.com\/product\/yoast-seo-wordpress\/ -->\n<title>Symbiose Min\u00e9rale - lavigny.net<\/title>\n<meta name=\"robots\" content=\"index, follow, max-snippet:-1, max-image-preview:large, max-video-preview:-1\" \/>\n<link rel=\"canonical\" href=\"https:\/\/lavigny.net\/fr\/produit\/symbiose-geo-florale\/\" \/>\n<meta property=\"og:locale\" content=\"fr_FR\" \/>\n<meta property=\"og:type\" content=\"article\" \/>\n<meta property=\"og:title\" content=\"Symbiose Min\u00e9rale - lavigny.net\" \/>\n<meta property=\"og:description\" content=\"La g\u00e9om\u00e9trie en fleurs : Ce foulard en soie double face pr\u00e9sente un patchwork saisissant de motifs abstraits et courbes, m\u00ealant rythme g\u00e9om\u00e9trique et inspiration florale. Le r\u00e9sultat est une composition audacieuse et moderne, \u00e0 la fois artistique et facile \u00e0 porter. Imprim\u00e9e sur de la soie, le foulard offre un toucher luxueux et des tons riches et nuanc\u00e9s sur les deux faces. Que vous le drapiez, le nouiez ou le laissiez couler, il ajoute une touche d&#039;\u00e9l\u00e9gance contemporaine \u00e0 toutes les silhouettes.\" \/>\n<meta property=\"og:url\" content=\"https:\/\/lavigny.net\/fr\/produit\/symbiose-geo-florale\/\" \/>\n<meta property=\"og:site_name\" content=\"lavigny.net\" \/>\n<meta property=\"article:modified_time\" content=\"2025-08-26T14:48:51+00:00\" \/>\n<meta property=\"og:image\" content=\"https:\/\/lavigny.net\/wp-content\/uploads\/2024\/10\/geo-floeal-fusion-90x90-cm-front-scaled.jpg\" \/>\n\t<meta property=\"og:image:width\" content=\"1810\" \/>\n\t<meta property=\"og:image:height\" content=\"2560\" \/>\n\t<meta property=\"og:image:type\" content=\"image\/jpeg\" \/>\n<meta name=\"twitter:card\" content=\"summary_large_image\" \/>\n<script type=\"application\/ld+json\" class=\"yoast-schema-graph\">{\"@context\":\"https:\\\/\\\/schema.org\",\"@graph\":[{\"@type\":\"WebPage\",\"@id\":\"https:\\\/\\\/lavigny.net\\\/fr\\\/produit\\\/symbiose-geo-florale\\\/\",\"url\":\"https:\\\/\\\/lavigny.net\\\/fr\\\/produit\\\/symbiose-geo-florale\\\/\",\"name\":\"Symbiose Min\u00e9rale - lavigny.net\",\"isPartOf\":{\"@id\":\"https:\\\/\\\/lavigny.net\\\/fr\\\/#website\"},\"primaryImageOfPage\":{\"@id\":\"https:\\\/\\\/lavigny.net\\\/fr\\\/produit\\\/symbiose-geo-florale\\\/#primaryimage\"},\"image\":{\"@id\":\"https:\\\/\\\/lavigny.net\\\/fr\\\/produit\\\/symbiose-geo-florale\\\/#primaryimage\"},\"thumbnailUrl\":\"https:\\\/\\\/lavigny.net\\\/wp-content\\\/uploads\\\/2024\\\/10\\\/oasis-mystique.png\",\"datePublished\":\"2024-10-28T09:05:10+00:00\",\"dateModified\":\"2025-08-26T14:48:51+00:00\",\"breadcrumb\":{\"@id\":\"https:\\\/\\\/lavigny.net\\\/fr\\\/produit\\\/symbiose-geo-florale\\\/#breadcrumb\"},\"inLanguage\":\"fr-FR\",\"potentialAction\":[{\"@type\":\"ReadAction\",\"target\":[\"https:\\\/\\\/lavigny.net\\\/fr\\\/produit\\\/symbiose-geo-florale\\\/\"]}]},{\"@type\":\"ImageObject\",\"inLanguage\":\"fr-FR\",\"@id\":\"https:\\\/\\\/lavigny.net\\\/fr\\\/produit\\\/symbiose-geo-florale\\\/#primaryimage\",\"url\":\"https:\\\/\\\/lavigny.net\\\/wp-content\\\/uploads\\\/2024\\\/10\\\/oasis-mystique.png\",\"contentUrl\":\"https:\\\/\\\/lavigny.net\\\/wp-content\\\/uploads\\\/2024\\\/10\\\/oasis-mystique.png\",\"width\":1035,\"height\":1035},{\"@type\":\"BreadcrumbList\",\"@id\":\"https:\\\/\\\/lavigny.net\\\/fr\\\/produit\\\/symbiose-geo-florale\\\/#breadcrumb\",\"itemListElement\":[{\"@type\":\"ListItem\",\"position\":1,\"name\":\"Home\",\"item\":\"https:\\\/\\\/lavigny.net\\\/fr\\\/accueil\\\/\"},{\"@type\":\"ListItem\",\"position\":2,\"name\":\"Shop\",\"item\":\"https:\\\/\\\/lavigny.net\\\/fr\\\/boutique\\\/\"},{\"@type\":\"ListItem\",\"position\":3,\"name\":\"Symbiose Min\u00e9rale\"}]},{\"@type\":\"WebSite\",\"@id\":\"https:\\\/\\\/lavigny.net\\\/fr\\\/#website\",\"url\":\"https:\\\/\\\/lavigny.net\\\/fr\\\/\",\"name\":\"lavigny.net\",\"description\":\"\",\"publisher\":{\"@id\":\"https:\\\/\\\/lavigny.net\\\/fr\\\/#organization\"},\"potentialAction\":[{\"@type\":\"SearchAction\",\"target\":{\"@type\":\"EntryPoint\",\"urlTemplate\":\"https:\\\/\\\/lavigny.net\\\/fr\\\/?s={search_term_string}\"},\"query-input\":{\"@type\":\"PropertyValueSpecification\",\"valueRequired\":true,\"valueName\":\"search_term_string\"}}],\"inLanguage\":\"fr-FR\"},{\"@type\":\"Organization\",\"@id\":\"https:\\\/\\\/lavigny.net\\\/fr\\\/#organization\",\"name\":\"lavigny.net\",\"url\":\"https:\\\/\\\/lavigny.net\\\/fr\\\/\",\"logo\":{\"@type\":\"ImageObject\",\"inLanguage\":\"fr-FR\",\"@id\":\"https:\\\/\\\/lavigny.net\\\/fr\\\/#\\\/schema\\\/logo\\\/image\\\/\",\"url\":\"https:\\\/\\\/lavigny.net\\\/wp-content\\\/uploads\\\/2025\\\/05\\\/cropped-logo_lavigny-scaled-1.png\",\"contentUrl\":\"https:\\\/\\\/lavigny.net\\\/wp-content\\\/uploads\\\/2025\\\/05\\\/cropped-logo_lavigny-scaled-1.png\",\"width\":938,\"height\":948,\"caption\":\"lavigny.net\"},\"image\":{\"@id\":\"https:\\\/\\\/lavigny.net\\\/fr\\\/#\\\/schema\\\/logo\\\/image\\\/\"}}]}<\/script>\n<!-- \/ Yoast SEO plugin. -->","yoast_head_json":{"title":"Symbiose Min\u00e9rale - lavigny.net","robots":{"index":"index","follow":"follow","max-snippet":"max-snippet:-1","max-image-preview":"max-image-preview:large","max-video-preview":"max-video-preview:-1"},"canonical":"https:\/\/lavigny.net\/fr\/produit\/symbiose-geo-florale\/","og_locale":"fr_FR","og_type":"article","og_title":"Symbiose Min\u00e9rale - lavigny.net","og_description":"La g\u00e9om\u00e9trie en fleurs : Ce foulard en soie double face pr\u00e9sente un patchwork saisissant de motifs abstraits et courbes, m\u00ealant rythme g\u00e9om\u00e9trique et inspiration florale. Le r\u00e9sultat est une composition audacieuse et moderne, \u00e0 la fois artistique et facile \u00e0 porter. Imprim\u00e9e sur de la soie, le foulard offre un toucher luxueux et des tons riches et nuanc\u00e9s sur les deux faces. Que vous le drapiez, le nouiez ou le laissiez couler, il ajoute une touche d'\u00e9l\u00e9gance contemporaine \u00e0 toutes les silhouettes.","og_url":"https:\/\/lavigny.net\/fr\/produit\/symbiose-geo-florale\/","og_site_name":"lavigny.net","article_modified_time":"2025-08-26T14:48:51+00:00","og_image":[{"width":1810,"height":2560,"url":"https:\/\/lavigny.net\/wp-content\/uploads\/2024\/10\/geo-floeal-fusion-90x90-cm-front-scaled.jpg","type":"image\/jpeg"}],"twitter_card":"summary_large_image","schema":{"@context":"https:\/\/schema.org","@graph":[{"@type":"WebPage","@id":"https:\/\/lavigny.net\/fr\/produit\/symbiose-geo-florale\/","url":"https:\/\/lavigny.net\/fr\/produit\/symbiose-geo-florale\/","name":"Symbiose Min\u00e9rale - lavigny.net","isPartOf":{"@id":"https:\/\/lavigny.net\/fr\/#website"},"primaryImageOfPage":{"@id":"https:\/\/lavigny.net\/fr\/produit\/symbiose-geo-florale\/#primaryimage"},"image":{"@id":"https:\/\/lavigny.net\/fr\/produit\/symbiose-geo-florale\/#primaryimage"},"thumbnailUrl":"https:\/\/lavigny.net\/wp-content\/uploads\/2024\/10\/oasis-mystique.png","datePublished":"2024-10-28T09:05:10+00:00","dateModified":"2025-08-26T14:48:51+00:00","breadcrumb":{"@id":"https:\/\/lavigny.net\/fr\/produit\/symbiose-geo-florale\/#breadcrumb"},"inLanguage":"fr-FR","potentialAction":[{"@type":"ReadAction","target":["https:\/\/lavigny.net\/fr\/produit\/symbiose-geo-florale\/"]}]},{"@type":"ImageObject","inLanguage":"fr-FR","@id":"https:\/\/lavigny.net\/fr\/produit\/symbiose-geo-florale\/#primaryimage","url":"https:\/\/lavigny.net\/wp-content\/uploads\/2024\/10\/oasis-mystique.png","contentUrl":"https:\/\/lavigny.net\/wp-content\/uploads\/2024\/10\/oasis-mystique.png","width":1035,"height":1035},{"@type":"BreadcrumbList","@id":"https:\/\/lavigny.net\/fr\/produit\/symbiose-geo-florale\/#breadcrumb","itemListElement":[{"@type":"ListItem","position":1,"name":"Home","item":"https:\/\/lavigny.net\/fr\/accueil\/"},{"@type":"ListItem","position":2,"name":"Shop","item":"https:\/\/lavigny.net\/fr\/boutique\/"},{"@type":"ListItem","position":3,"name":"Symbiose Min\u00e9rale"}]},{"@type":"WebSite","@id":"https:\/\/lavigny.net\/fr\/#website","url":"https:\/\/lavigny.net\/fr\/","name":"lavigny.net","description":"","publisher":{"@id":"https:\/\/lavigny.net\/fr\/#organization"},"potentialAction":[{"@type":"SearchAction","target":{"@type":"EntryPoint","urlTemplate":"https:\/\/lavigny.net\/fr\/?s={search_term_string}"},"query-input":{"@type":"PropertyValueSpecification","valueRequired":true,"valueName":"search_term_string"}}],"inLanguage":"fr-FR"},{"@type":"Organization","@id":"https:\/\/lavigny.net\/fr\/#organization","name":"lavigny.net","url":"https:\/\/lavigny.net\/fr\/","logo":{"@type":"ImageObject","inLanguage":"fr-FR","@id":"https:\/\/lavigny.net\/fr\/#\/schema\/logo\/image\/","url":"https:\/\/lavigny.net\/wp-content\/uploads\/2025\/05\/cropped-logo_lavigny-scaled-1.png","contentUrl":"https:\/\/lavigny.net\/wp-content\/uploads\/2025\/05\/cropped-logo_lavigny-scaled-1.png","width":938,"height":948,"caption":"lavigny.net"},"image":{"@id":"https:\/\/lavigny.net\/fr\/#\/schema\/logo\/image\/"}}]}},"_links":{"self":[{"href":"https:\/\/lavigny.net\/fr\/wp-json\/wp\/v2\/product\/9052","targetHints":{"allow":["GET"]}}],"collection":[{"href":"https:\/\/lavigny.net\/fr\/wp-json\/wp\/v2\/product"}],"about":[{"href":"https:\/\/lavigny.net\/fr\/wp-json\/wp\/v2\/types\/product"}],"replies":[{"embeddable":true,"href":"https:\/\/lavigny.net\/fr\/wp-json\/wp\/v2\/comments?post=9052"}],"wp:featuredmedia":[{"embeddable":true,"href":"https:\/\/lavigny.net\/fr\/wp-json\/wp\/v2\/media\/9321"}],"wp:attachment":[{"href":"https:\/\/lavigny.net\/fr\/wp-json\/wp\/v2\/media?parent=9052"}],"wp:term":[{"taxonomy":"product_brand","embeddable":true,"href":"https:\/\/lavigny.net\/fr\/wp-json\/wp\/v2\/product_brand?post=9052"},{"taxonomy":"product_cat","embeddable":true,"href":"https:\/\/lavigny.net\/fr\/wp-json\/wp\/v2\/product_cat?post=9052"},{"taxonomy":"product_tag","embeddable":true,"href":"https:\/\/lavigny.net\/fr\/wp-json\/wp\/v2\/product_tag?post=9052"}],"curies":[{"name":"wp","href":"https:\/\/api.w.org\/{rel}","templated":true}]}}