{"id":9050,"date":"2024-10-28T09:02:10","date_gmt":"2024-10-28T09:02:10","guid":{"rendered":"https:\/\/lavigny.net\/?product=eclosion-de-liens"},"modified":"2025-09-02T06:53:52","modified_gmt":"2025-09-02T06:53:52","slug":"eclosion-de-liens","status":"publish","type":"product","link":"https:\/\/lavigny.net\/fr\/produit\/eclosion-de-liens\/","title":{"rendered":"Fl\u00e2nerie de Liens"},"content":{"rendered":"<ul>\n<li>Foulard double face<\/li>\n<li>100% soie (17,5 mommes)<\/li>\n<li>Roulott\u00e9 main<\/li>\n<li>Fabriqu\u00e9 et con\u00e7u en France<\/li>\n<li>Nettoyage \u00e0 sec uniquement<\/li>\n<\/ul>\n","protected":false},"excerpt":{"rendered":"<p class=\"\" data-start=\"167\" data-end=\"411\">D\u00e9licat et dynamique \u00e0 la fois, ce foulard en soie double face tisse des motifs floraux et des rubans fluides dans une danse gracieuse et toujours en mouvement.<\/p>\n<p class=\"\" data-start=\"413\" data-end=\"581\">Imprim\u00e9 sur de la soie raffin\u00e9e, le foulard offre des couleurs riches et une douce luminosit\u00e9 sur les deux faces. Drap\u00e9 ou nou\u00e9, il apporte une touche po\u00e9tique \u00e0 tous les looks. <\/p>\n","protected":false},"featured_media":9311,"comment_status":"open","ping_status":"closed","template":"","meta":{"inline_featured_image":false},"product_brand":[],"product_cat":[159,157,165,158],"product_tag":[],"class_list":{"0":"post-9050","1":"product","2":"type-product","3":"status-publish","4":"has-post-thumbnail","6":"product_cat-90-x-90-classique","7":"product_cat-foulards-double-face","8":"product_cat-ode-a-la-flore","9":"product_cat-soie","11":"first","12":"instock","13":"taxable","14":"shipping-taxable","15":"purchasable","16":"product-type-variable"},"yoast_head":"<!-- This site is optimized with the Yoast SEO plugin v27.4 - https:\/\/yoast.com\/product\/yoast-seo-wordpress\/ -->\n<title>Fl\u00e2nerie de Liens - lavigny.net<\/title>\n<meta name=\"robots\" content=\"index, follow, max-snippet:-1, max-image-preview:large, max-video-preview:-1\" \/>\n<link rel=\"canonical\" href=\"https:\/\/lavigny.net\/fr\/produit\/eclosion-de-liens\/\" \/>\n<meta property=\"og:locale\" content=\"fr_FR\" \/>\n<meta property=\"og:type\" content=\"article\" \/>\n<meta property=\"og:title\" content=\"Fl\u00e2nerie de Liens - lavigny.net\" \/>\n<meta property=\"og:description\" content=\"D\u00e9licat et dynamique \u00e0 la fois, ce foulard en soie double face tisse des motifs floraux et des rubans fluides dans une danse gracieuse et toujours en mouvement. Imprim\u00e9 sur de la soie raffin\u00e9e, le foulard offre des couleurs riches et une douce luminosit\u00e9 sur les deux faces. Drap\u00e9 ou nou\u00e9, il apporte une touche po\u00e9tique \u00e0 tous les looks.\" \/>\n<meta property=\"og:url\" content=\"https:\/\/lavigny.net\/fr\/produit\/eclosion-de-liens\/\" \/>\n<meta property=\"og:site_name\" content=\"lavigny.net\" \/>\n<meta property=\"article:modified_time\" content=\"2025-09-02T06:53:52+00:00\" \/>\n<meta property=\"og:image\" content=\"https:\/\/lavigny.net\/wp-content\/uploads\/2024\/10\/Flanerie-de-lien.png\" \/>\n\t<meta property=\"og:image:width\" content=\"1035\" \/>\n\t<meta property=\"og:image:height\" content=\"1035\" \/>\n\t<meta property=\"og:image:type\" content=\"image\/png\" \/>\n<meta name=\"twitter:card\" content=\"summary_large_image\" \/>\n<script type=\"application\/ld+json\" class=\"yoast-schema-graph\">{\"@context\":\"https:\\\/\\\/schema.org\",\"@graph\":[{\"@type\":\"WebPage\",\"@id\":\"https:\\\/\\\/lavigny.net\\\/fr\\\/produit\\\/eclosion-de-liens\\\/\",\"url\":\"https:\\\/\\\/lavigny.net\\\/fr\\\/produit\\\/eclosion-de-liens\\\/\",\"name\":\"Fl\u00e2nerie de Liens - lavigny.net\",\"isPartOf\":{\"@id\":\"https:\\\/\\\/lavigny.net\\\/fr\\\/#website\"},\"primaryImageOfPage\":{\"@id\":\"https:\\\/\\\/lavigny.net\\\/fr\\\/produit\\\/eclosion-de-liens\\\/#primaryimage\"},\"image\":{\"@id\":\"https:\\\/\\\/lavigny.net\\\/fr\\\/produit\\\/eclosion-de-liens\\\/#primaryimage\"},\"thumbnailUrl\":\"https:\\\/\\\/lavigny.net\\\/wp-content\\\/uploads\\\/2024\\\/10\\\/Flanerie-de-lien.png\",\"datePublished\":\"2024-10-28T09:02:10+00:00\",\"dateModified\":\"2025-09-02T06:53:52+00:00\",\"breadcrumb\":{\"@id\":\"https:\\\/\\\/lavigny.net\\\/fr\\\/produit\\\/eclosion-de-liens\\\/#breadcrumb\"},\"inLanguage\":\"fr-FR\",\"potentialAction\":[{\"@type\":\"ReadAction\",\"target\":[\"https:\\\/\\\/lavigny.net\\\/fr\\\/produit\\\/eclosion-de-liens\\\/\"]}]},{\"@type\":\"ImageObject\",\"inLanguage\":\"fr-FR\",\"@id\":\"https:\\\/\\\/lavigny.net\\\/fr\\\/produit\\\/eclosion-de-liens\\\/#primaryimage\",\"url\":\"https:\\\/\\\/lavigny.net\\\/wp-content\\\/uploads\\\/2024\\\/10\\\/Flanerie-de-lien.png\",\"contentUrl\":\"https:\\\/\\\/lavigny.net\\\/wp-content\\\/uploads\\\/2024\\\/10\\\/Flanerie-de-lien.png\",\"width\":1035,\"height\":1035},{\"@type\":\"BreadcrumbList\",\"@id\":\"https:\\\/\\\/lavigny.net\\\/fr\\\/produit\\\/eclosion-de-liens\\\/#breadcrumb\",\"itemListElement\":[{\"@type\":\"ListItem\",\"position\":1,\"name\":\"Home\",\"item\":\"https:\\\/\\\/lavigny.net\\\/fr\\\/accueil\\\/\"},{\"@type\":\"ListItem\",\"position\":2,\"name\":\"Shop\",\"item\":\"https:\\\/\\\/lavigny.net\\\/fr\\\/boutique\\\/\"},{\"@type\":\"ListItem\",\"position\":3,\"name\":\"Fl\u00e2nerie de Liens\"}]},{\"@type\":\"WebSite\",\"@id\":\"https:\\\/\\\/lavigny.net\\\/fr\\\/#website\",\"url\":\"https:\\\/\\\/lavigny.net\\\/fr\\\/\",\"name\":\"lavigny.net\",\"description\":\"\",\"publisher\":{\"@id\":\"https:\\\/\\\/lavigny.net\\\/fr\\\/#organization\"},\"potentialAction\":[{\"@type\":\"SearchAction\",\"target\":{\"@type\":\"EntryPoint\",\"urlTemplate\":\"https:\\\/\\\/lavigny.net\\\/fr\\\/?s={search_term_string}\"},\"query-input\":{\"@type\":\"PropertyValueSpecification\",\"valueRequired\":true,\"valueName\":\"search_term_string\"}}],\"inLanguage\":\"fr-FR\"},{\"@type\":\"Organization\",\"@id\":\"https:\\\/\\\/lavigny.net\\\/fr\\\/#organization\",\"name\":\"lavigny.net\",\"url\":\"https:\\\/\\\/lavigny.net\\\/fr\\\/\",\"logo\":{\"@type\":\"ImageObject\",\"inLanguage\":\"fr-FR\",\"@id\":\"https:\\\/\\\/lavigny.net\\\/fr\\\/#\\\/schema\\\/logo\\\/image\\\/\",\"url\":\"https:\\\/\\\/lavigny.net\\\/wp-content\\\/uploads\\\/2025\\\/05\\\/cropped-logo_lavigny-scaled-1.png\",\"contentUrl\":\"https:\\\/\\\/lavigny.net\\\/wp-content\\\/uploads\\\/2025\\\/05\\\/cropped-logo_lavigny-scaled-1.png\",\"width\":938,\"height\":948,\"caption\":\"lavigny.net\"},\"image\":{\"@id\":\"https:\\\/\\\/lavigny.net\\\/fr\\\/#\\\/schema\\\/logo\\\/image\\\/\"}}]}<\/script>\n<!-- \/ Yoast SEO plugin. -->","yoast_head_json":{"title":"Fl\u00e2nerie de Liens - lavigny.net","robots":{"index":"index","follow":"follow","max-snippet":"max-snippet:-1","max-image-preview":"max-image-preview:large","max-video-preview":"max-video-preview:-1"},"canonical":"https:\/\/lavigny.net\/fr\/produit\/eclosion-de-liens\/","og_locale":"fr_FR","og_type":"article","og_title":"Fl\u00e2nerie de Liens - lavigny.net","og_description":"D\u00e9licat et dynamique \u00e0 la fois, ce foulard en soie double face tisse des motifs floraux et des rubans fluides dans une danse gracieuse et toujours en mouvement. Imprim\u00e9 sur de la soie raffin\u00e9e, le foulard offre des couleurs riches et une douce luminosit\u00e9 sur les deux faces. Drap\u00e9 ou nou\u00e9, il apporte une touche po\u00e9tique \u00e0 tous les looks.","og_url":"https:\/\/lavigny.net\/fr\/produit\/eclosion-de-liens\/","og_site_name":"lavigny.net","article_modified_time":"2025-09-02T06:53:52+00:00","og_image":[{"width":1035,"height":1035,"url":"https:\/\/lavigny.net\/wp-content\/uploads\/2024\/10\/Flanerie-de-lien.png","type":"image\/png"}],"twitter_card":"summary_large_image","schema":{"@context":"https:\/\/schema.org","@graph":[{"@type":"WebPage","@id":"https:\/\/lavigny.net\/fr\/produit\/eclosion-de-liens\/","url":"https:\/\/lavigny.net\/fr\/produit\/eclosion-de-liens\/","name":"Fl\u00e2nerie de Liens - lavigny.net","isPartOf":{"@id":"https:\/\/lavigny.net\/fr\/#website"},"primaryImageOfPage":{"@id":"https:\/\/lavigny.net\/fr\/produit\/eclosion-de-liens\/#primaryimage"},"image":{"@id":"https:\/\/lavigny.net\/fr\/produit\/eclosion-de-liens\/#primaryimage"},"thumbnailUrl":"https:\/\/lavigny.net\/wp-content\/uploads\/2024\/10\/Flanerie-de-lien.png","datePublished":"2024-10-28T09:02:10+00:00","dateModified":"2025-09-02T06:53:52+00:00","breadcrumb":{"@id":"https:\/\/lavigny.net\/fr\/produit\/eclosion-de-liens\/#breadcrumb"},"inLanguage":"fr-FR","potentialAction":[{"@type":"ReadAction","target":["https:\/\/lavigny.net\/fr\/produit\/eclosion-de-liens\/"]}]},{"@type":"ImageObject","inLanguage":"fr-FR","@id":"https:\/\/lavigny.net\/fr\/produit\/eclosion-de-liens\/#primaryimage","url":"https:\/\/lavigny.net\/wp-content\/uploads\/2024\/10\/Flanerie-de-lien.png","contentUrl":"https:\/\/lavigny.net\/wp-content\/uploads\/2024\/10\/Flanerie-de-lien.png","width":1035,"height":1035},{"@type":"BreadcrumbList","@id":"https:\/\/lavigny.net\/fr\/produit\/eclosion-de-liens\/#breadcrumb","itemListElement":[{"@type":"ListItem","position":1,"name":"Home","item":"https:\/\/lavigny.net\/fr\/accueil\/"},{"@type":"ListItem","position":2,"name":"Shop","item":"https:\/\/lavigny.net\/fr\/boutique\/"},{"@type":"ListItem","position":3,"name":"Fl\u00e2nerie de Liens"}]},{"@type":"WebSite","@id":"https:\/\/lavigny.net\/fr\/#website","url":"https:\/\/lavigny.net\/fr\/","name":"lavigny.net","description":"","publisher":{"@id":"https:\/\/lavigny.net\/fr\/#organization"},"potentialAction":[{"@type":"SearchAction","target":{"@type":"EntryPoint","urlTemplate":"https:\/\/lavigny.net\/fr\/?s={search_term_string}"},"query-input":{"@type":"PropertyValueSpecification","valueRequired":true,"valueName":"search_term_string"}}],"inLanguage":"fr-FR"},{"@type":"Organization","@id":"https:\/\/lavigny.net\/fr\/#organization","name":"lavigny.net","url":"https:\/\/lavigny.net\/fr\/","logo":{"@type":"ImageObject","inLanguage":"fr-FR","@id":"https:\/\/lavigny.net\/fr\/#\/schema\/logo\/image\/","url":"https:\/\/lavigny.net\/wp-content\/uploads\/2025\/05\/cropped-logo_lavigny-scaled-1.png","contentUrl":"https:\/\/lavigny.net\/wp-content\/uploads\/2025\/05\/cropped-logo_lavigny-scaled-1.png","width":938,"height":948,"caption":"lavigny.net"},"image":{"@id":"https:\/\/lavigny.net\/fr\/#\/schema\/logo\/image\/"}}]}},"_links":{"self":[{"href":"https:\/\/lavigny.net\/fr\/wp-json\/wp\/v2\/product\/9050","targetHints":{"allow":["GET"]}}],"collection":[{"href":"https:\/\/lavigny.net\/fr\/wp-json\/wp\/v2\/product"}],"about":[{"href":"https:\/\/lavigny.net\/fr\/wp-json\/wp\/v2\/types\/product"}],"replies":[{"embeddable":true,"href":"https:\/\/lavigny.net\/fr\/wp-json\/wp\/v2\/comments?post=9050"}],"wp:featuredmedia":[{"embeddable":true,"href":"https:\/\/lavigny.net\/fr\/wp-json\/wp\/v2\/media\/9311"}],"wp:attachment":[{"href":"https:\/\/lavigny.net\/fr\/wp-json\/wp\/v2\/media?parent=9050"}],"wp:term":[{"taxonomy":"product_brand","embeddable":true,"href":"https:\/\/lavigny.net\/fr\/wp-json\/wp\/v2\/product_brand?post=9050"},{"taxonomy":"product_cat","embeddable":true,"href":"https:\/\/lavigny.net\/fr\/wp-json\/wp\/v2\/product_cat?post=9050"},{"taxonomy":"product_tag","embeddable":true,"href":"https:\/\/lavigny.net\/fr\/wp-json\/wp\/v2\/product_tag?post=9050"}],"curies":[{"name":"wp","href":"https:\/\/api.w.org\/{rel}","templated":true}]}}