{"id":9046,"date":"2024-10-28T08:56:00","date_gmt":"2024-10-28T08:56:00","guid":{"rendered":"https:\/\/lavigny.net\/?product=champ-luxuriant"},"modified":"2025-09-02T07:01:14","modified_gmt":"2025-09-02T07:01:14","slug":"champ-luxuriant","status":"publish","type":"product","link":"https:\/\/lavigny.net\/fr\/produit\/champ-luxuriant\/","title":{"rendered":"Champ Luxuriant"},"content":{"rendered":"<ul>\n<li>Foulard double face<\/li>\n<li>100% soie (17,5 mommes)<\/li>\n<li>Roulott\u00e9 main<\/li>\n<li>Con\u00e7u et fabriqu\u00e9 en France<\/li>\n<li>Nettoyage \u00e0 sec uniquement<\/li>\n<\/ul>\n","protected":false},"excerpt":{"rendered":"<p data-start=\"107\" data-end=\"296\">Intemporel et richement d\u00e9taill\u00e9, ce foulard en soie double face se d\u00e9ploie comme une prairie peinte &#8211; un champ luxuriant de fleurs d\u00e9licates en pleine floraison, magnifiquement encadr\u00e9 par une teinte riche et profonde.<\/p>\n<p class=\"\" data-start=\"399\" data-end=\"609\">Fabriqu\u00e9 en soie raffin\u00e9e, il offre un toucher doux et luxueux et des couleurs vibrantes sur les deux faces. Que vous le portiez drap\u00e9 ou nou\u00e9, il allie le charme classique \u00e0 une finition audacieuse et raffin\u00e9e. <\/p>\n<p class=\"\" data-start=\"611\" data-end=\"655\">\n","protected":false},"featured_media":9372,"comment_status":"open","ping_status":"closed","template":"","meta":{"inline_featured_image":false},"product_brand":[],"product_cat":[159,157,165,158],"product_tag":[],"class_list":{"0":"post-9046","1":"product","2":"type-product","3":"status-publish","4":"has-post-thumbnail","6":"product_cat-90-x-90-classique","7":"product_cat-foulards-double-face","8":"product_cat-ode-a-la-flore","9":"product_cat-soie","11":"first","12":"instock","13":"taxable","14":"shipping-taxable","15":"purchasable","16":"product-type-variable"},"yoast_head":"<!-- This site is optimized with the Yoast SEO plugin v27.4 - https:\/\/yoast.com\/product\/yoast-seo-wordpress\/ -->\n<title>Champ Luxuriant - lavigny.net<\/title>\n<meta name=\"robots\" content=\"index, follow, max-snippet:-1, max-image-preview:large, max-video-preview:-1\" \/>\n<link rel=\"canonical\" href=\"https:\/\/lavigny.net\/fr\/produit\/champ-luxuriant\/\" \/>\n<meta property=\"og:locale\" content=\"fr_FR\" \/>\n<meta property=\"og:type\" content=\"article\" \/>\n<meta property=\"og:title\" content=\"Champ Luxuriant - lavigny.net\" \/>\n<meta property=\"og:description\" content=\"Intemporel et richement d\u00e9taill\u00e9, ce foulard en soie double face se d\u00e9ploie comme une prairie peinte - un champ luxuriant de fleurs d\u00e9licates en pleine floraison, magnifiquement encadr\u00e9 par une teinte riche et profonde. Fabriqu\u00e9 en soie raffin\u00e9e, il offre un toucher doux et luxueux et des couleurs vibrantes sur les deux faces. Que vous le portiez drap\u00e9 ou nou\u00e9, il allie le charme classique \u00e0 une finition audacieuse et raffin\u00e9e.\" \/>\n<meta property=\"og:url\" content=\"https:\/\/lavigny.net\/fr\/produit\/champ-luxuriant\/\" \/>\n<meta property=\"og:site_name\" content=\"lavigny.net\" \/>\n<meta property=\"article:modified_time\" content=\"2025-09-02T07:01:14+00:00\" \/>\n<meta property=\"og:image\" content=\"https:\/\/lavigny.net\/wp-content\/uploads\/2024\/10\/champ-luxuriant.png\" \/>\n\t<meta property=\"og:image:width\" content=\"1035\" \/>\n\t<meta property=\"og:image:height\" content=\"1035\" \/>\n\t<meta property=\"og:image:type\" content=\"image\/png\" \/>\n<meta name=\"twitter:card\" content=\"summary_large_image\" \/>\n<script type=\"application\/ld+json\" class=\"yoast-schema-graph\">{\"@context\":\"https:\\\/\\\/schema.org\",\"@graph\":[{\"@type\":\"WebPage\",\"@id\":\"https:\\\/\\\/lavigny.net\\\/fr\\\/produit\\\/champ-luxuriant\\\/\",\"url\":\"https:\\\/\\\/lavigny.net\\\/fr\\\/produit\\\/champ-luxuriant\\\/\",\"name\":\"Champ Luxuriant - lavigny.net\",\"isPartOf\":{\"@id\":\"https:\\\/\\\/lavigny.net\\\/fr\\\/#website\"},\"primaryImageOfPage\":{\"@id\":\"https:\\\/\\\/lavigny.net\\\/fr\\\/produit\\\/champ-luxuriant\\\/#primaryimage\"},\"image\":{\"@id\":\"https:\\\/\\\/lavigny.net\\\/fr\\\/produit\\\/champ-luxuriant\\\/#primaryimage\"},\"thumbnailUrl\":\"https:\\\/\\\/lavigny.net\\\/wp-content\\\/uploads\\\/2024\\\/10\\\/champ-luxuriant.png\",\"datePublished\":\"2024-10-28T08:56:00+00:00\",\"dateModified\":\"2025-09-02T07:01:14+00:00\",\"breadcrumb\":{\"@id\":\"https:\\\/\\\/lavigny.net\\\/fr\\\/produit\\\/champ-luxuriant\\\/#breadcrumb\"},\"inLanguage\":\"fr-FR\",\"potentialAction\":[{\"@type\":\"ReadAction\",\"target\":[\"https:\\\/\\\/lavigny.net\\\/fr\\\/produit\\\/champ-luxuriant\\\/\"]}]},{\"@type\":\"ImageObject\",\"inLanguage\":\"fr-FR\",\"@id\":\"https:\\\/\\\/lavigny.net\\\/fr\\\/produit\\\/champ-luxuriant\\\/#primaryimage\",\"url\":\"https:\\\/\\\/lavigny.net\\\/wp-content\\\/uploads\\\/2024\\\/10\\\/champ-luxuriant.png\",\"contentUrl\":\"https:\\\/\\\/lavigny.net\\\/wp-content\\\/uploads\\\/2024\\\/10\\\/champ-luxuriant.png\",\"width\":1035,\"height\":1035},{\"@type\":\"BreadcrumbList\",\"@id\":\"https:\\\/\\\/lavigny.net\\\/fr\\\/produit\\\/champ-luxuriant\\\/#breadcrumb\",\"itemListElement\":[{\"@type\":\"ListItem\",\"position\":1,\"name\":\"Home\",\"item\":\"https:\\\/\\\/lavigny.net\\\/fr\\\/accueil\\\/\"},{\"@type\":\"ListItem\",\"position\":2,\"name\":\"Shop\",\"item\":\"https:\\\/\\\/lavigny.net\\\/fr\\\/boutique\\\/\"},{\"@type\":\"ListItem\",\"position\":3,\"name\":\"Champ Luxuriant\"}]},{\"@type\":\"WebSite\",\"@id\":\"https:\\\/\\\/lavigny.net\\\/fr\\\/#website\",\"url\":\"https:\\\/\\\/lavigny.net\\\/fr\\\/\",\"name\":\"lavigny.net\",\"description\":\"\",\"publisher\":{\"@id\":\"https:\\\/\\\/lavigny.net\\\/fr\\\/#organization\"},\"potentialAction\":[{\"@type\":\"SearchAction\",\"target\":{\"@type\":\"EntryPoint\",\"urlTemplate\":\"https:\\\/\\\/lavigny.net\\\/fr\\\/?s={search_term_string}\"},\"query-input\":{\"@type\":\"PropertyValueSpecification\",\"valueRequired\":true,\"valueName\":\"search_term_string\"}}],\"inLanguage\":\"fr-FR\"},{\"@type\":\"Organization\",\"@id\":\"https:\\\/\\\/lavigny.net\\\/fr\\\/#organization\",\"name\":\"lavigny.net\",\"url\":\"https:\\\/\\\/lavigny.net\\\/fr\\\/\",\"logo\":{\"@type\":\"ImageObject\",\"inLanguage\":\"fr-FR\",\"@id\":\"https:\\\/\\\/lavigny.net\\\/fr\\\/#\\\/schema\\\/logo\\\/image\\\/\",\"url\":\"https:\\\/\\\/lavigny.net\\\/wp-content\\\/uploads\\\/2025\\\/05\\\/cropped-logo_lavigny-scaled-1.png\",\"contentUrl\":\"https:\\\/\\\/lavigny.net\\\/wp-content\\\/uploads\\\/2025\\\/05\\\/cropped-logo_lavigny-scaled-1.png\",\"width\":938,\"height\":948,\"caption\":\"lavigny.net\"},\"image\":{\"@id\":\"https:\\\/\\\/lavigny.net\\\/fr\\\/#\\\/schema\\\/logo\\\/image\\\/\"}}]}<\/script>\n<!-- \/ Yoast SEO plugin. -->","yoast_head_json":{"title":"Champ Luxuriant - lavigny.net","robots":{"index":"index","follow":"follow","max-snippet":"max-snippet:-1","max-image-preview":"max-image-preview:large","max-video-preview":"max-video-preview:-1"},"canonical":"https:\/\/lavigny.net\/fr\/produit\/champ-luxuriant\/","og_locale":"fr_FR","og_type":"article","og_title":"Champ Luxuriant - lavigny.net","og_description":"Intemporel et richement d\u00e9taill\u00e9, ce foulard en soie double face se d\u00e9ploie comme une prairie peinte - un champ luxuriant de fleurs d\u00e9licates en pleine floraison, magnifiquement encadr\u00e9 par une teinte riche et profonde. Fabriqu\u00e9 en soie raffin\u00e9e, il offre un toucher doux et luxueux et des couleurs vibrantes sur les deux faces. Que vous le portiez drap\u00e9 ou nou\u00e9, il allie le charme classique \u00e0 une finition audacieuse et raffin\u00e9e.","og_url":"https:\/\/lavigny.net\/fr\/produit\/champ-luxuriant\/","og_site_name":"lavigny.net","article_modified_time":"2025-09-02T07:01:14+00:00","og_image":[{"width":1035,"height":1035,"url":"https:\/\/lavigny.net\/wp-content\/uploads\/2024\/10\/champ-luxuriant.png","type":"image\/png"}],"twitter_card":"summary_large_image","schema":{"@context":"https:\/\/schema.org","@graph":[{"@type":"WebPage","@id":"https:\/\/lavigny.net\/fr\/produit\/champ-luxuriant\/","url":"https:\/\/lavigny.net\/fr\/produit\/champ-luxuriant\/","name":"Champ Luxuriant - lavigny.net","isPartOf":{"@id":"https:\/\/lavigny.net\/fr\/#website"},"primaryImageOfPage":{"@id":"https:\/\/lavigny.net\/fr\/produit\/champ-luxuriant\/#primaryimage"},"image":{"@id":"https:\/\/lavigny.net\/fr\/produit\/champ-luxuriant\/#primaryimage"},"thumbnailUrl":"https:\/\/lavigny.net\/wp-content\/uploads\/2024\/10\/champ-luxuriant.png","datePublished":"2024-10-28T08:56:00+00:00","dateModified":"2025-09-02T07:01:14+00:00","breadcrumb":{"@id":"https:\/\/lavigny.net\/fr\/produit\/champ-luxuriant\/#breadcrumb"},"inLanguage":"fr-FR","potentialAction":[{"@type":"ReadAction","target":["https:\/\/lavigny.net\/fr\/produit\/champ-luxuriant\/"]}]},{"@type":"ImageObject","inLanguage":"fr-FR","@id":"https:\/\/lavigny.net\/fr\/produit\/champ-luxuriant\/#primaryimage","url":"https:\/\/lavigny.net\/wp-content\/uploads\/2024\/10\/champ-luxuriant.png","contentUrl":"https:\/\/lavigny.net\/wp-content\/uploads\/2024\/10\/champ-luxuriant.png","width":1035,"height":1035},{"@type":"BreadcrumbList","@id":"https:\/\/lavigny.net\/fr\/produit\/champ-luxuriant\/#breadcrumb","itemListElement":[{"@type":"ListItem","position":1,"name":"Home","item":"https:\/\/lavigny.net\/fr\/accueil\/"},{"@type":"ListItem","position":2,"name":"Shop","item":"https:\/\/lavigny.net\/fr\/boutique\/"},{"@type":"ListItem","position":3,"name":"Champ Luxuriant"}]},{"@type":"WebSite","@id":"https:\/\/lavigny.net\/fr\/#website","url":"https:\/\/lavigny.net\/fr\/","name":"lavigny.net","description":"","publisher":{"@id":"https:\/\/lavigny.net\/fr\/#organization"},"potentialAction":[{"@type":"SearchAction","target":{"@type":"EntryPoint","urlTemplate":"https:\/\/lavigny.net\/fr\/?s={search_term_string}"},"query-input":{"@type":"PropertyValueSpecification","valueRequired":true,"valueName":"search_term_string"}}],"inLanguage":"fr-FR"},{"@type":"Organization","@id":"https:\/\/lavigny.net\/fr\/#organization","name":"lavigny.net","url":"https:\/\/lavigny.net\/fr\/","logo":{"@type":"ImageObject","inLanguage":"fr-FR","@id":"https:\/\/lavigny.net\/fr\/#\/schema\/logo\/image\/","url":"https:\/\/lavigny.net\/wp-content\/uploads\/2025\/05\/cropped-logo_lavigny-scaled-1.png","contentUrl":"https:\/\/lavigny.net\/wp-content\/uploads\/2025\/05\/cropped-logo_lavigny-scaled-1.png","width":938,"height":948,"caption":"lavigny.net"},"image":{"@id":"https:\/\/lavigny.net\/fr\/#\/schema\/logo\/image\/"}}]}},"_links":{"self":[{"href":"https:\/\/lavigny.net\/fr\/wp-json\/wp\/v2\/product\/9046","targetHints":{"allow":["GET"]}}],"collection":[{"href":"https:\/\/lavigny.net\/fr\/wp-json\/wp\/v2\/product"}],"about":[{"href":"https:\/\/lavigny.net\/fr\/wp-json\/wp\/v2\/types\/product"}],"replies":[{"embeddable":true,"href":"https:\/\/lavigny.net\/fr\/wp-json\/wp\/v2\/comments?post=9046"}],"wp:featuredmedia":[{"embeddable":true,"href":"https:\/\/lavigny.net\/fr\/wp-json\/wp\/v2\/media\/9372"}],"wp:attachment":[{"href":"https:\/\/lavigny.net\/fr\/wp-json\/wp\/v2\/media?parent=9046"}],"wp:term":[{"taxonomy":"product_brand","embeddable":true,"href":"https:\/\/lavigny.net\/fr\/wp-json\/wp\/v2\/product_brand?post=9046"},{"taxonomy":"product_cat","embeddable":true,"href":"https:\/\/lavigny.net\/fr\/wp-json\/wp\/v2\/product_cat?post=9046"},{"taxonomy":"product_tag","embeddable":true,"href":"https:\/\/lavigny.net\/fr\/wp-json\/wp\/v2\/product_tag?post=9046"}],"curies":[{"name":"wp","href":"https:\/\/api.w.org\/{rel}","templated":true}]}}