{"id":9043,"date":"2025-05-06T06:39:12","date_gmt":"2025-05-06T06:39:12","guid":{"rendered":"https:\/\/lavigny.net\/?product=trame-florale"},"modified":"2025-09-02T06:33:13","modified_gmt":"2025-09-02T06:33:13","slug":"trame-florale","status":"publish","type":"product","link":"https:\/\/lavigny.net\/fr\/produit\/trame-florale\/","title":{"rendered":"Trame Florale"},"content":{"rendered":"<ul>\n<li>Foulard double face<\/li>\n<li>100% soie (14 mommes)<\/li>\n<li>Roulott\u00e9 main<\/li>\n<li>Con\u00e7u et fabriqu\u00e9 en France<\/li>\n<li>Nettoyage \u00e0 sec uniquement<\/li>\n<\/ul>\n","protected":false},"excerpt":{"rendered":"<p>Ce foulard en soie simple face pr\u00e9sente une r\u00e9interpr\u00e9tation moderne d&rsquo;un motif datant de 1885. D\u00e9couvert \u00e0 l&rsquo;origine dans les archives de l&rsquo;usine textile de Wesserling, l&rsquo;imprim\u00e9 a \u00e9t\u00e9 conserv\u00e9 sur un robrack<i>, <\/i>un \u00e9chantillon de tissu historique de cette manufacture alsacienne embl\u00e9matique. \u00c0 la fin du XIXe si\u00e8cle, la Manufacture d&rsquo;Impression de Wesserling \u00e9tait \u00e0 la pointe de l&rsquo;innovation textile, alliant prouesses industrielles et vision artistique audacieuse.<\/p>\n<p>Aujourd&rsquo;hui raviv\u00e9 avec une touche contemporaine, le motif est imprim\u00e9 sur de la soie fine, rayonnant de couleurs et de mouvements subtils. Une pi\u00e8ce qui r\u00e9imagine une fleur intemporelle sous l&rsquo;angle de l&rsquo;\u00e9l\u00e9gance moderne.<\/p>\n","protected":false},"featured_media":9317,"comment_status":"open","ping_status":"closed","template":"","meta":{"inline_featured_image":false},"product_brand":[],"product_cat":[159,157,164,158],"product_tag":[],"class_list":{"0":"post-9043","1":"product","2":"type-product","3":"status-publish","4":"has-post-thumbnail","6":"product_cat-90-x-90-classique","7":"product_cat-foulards-double-face","8":"product_cat-lavigny-x-parc-de-wesserling-fr","9":"product_cat-soie","11":"first","12":"instock","13":"taxable","14":"shipping-taxable","15":"purchasable","16":"product-type-variable"},"yoast_head":"<!-- This site is optimized with the Yoast SEO plugin v27.4 - https:\/\/yoast.com\/product\/yoast-seo-wordpress\/ -->\n<title>Trame Florale - lavigny.net<\/title>\n<meta name=\"robots\" content=\"index, follow, max-snippet:-1, max-image-preview:large, max-video-preview:-1\" \/>\n<link rel=\"canonical\" href=\"https:\/\/lavigny.net\/fr\/produit\/trame-florale\/\" \/>\n<meta property=\"og:locale\" content=\"fr_FR\" \/>\n<meta property=\"og:type\" content=\"article\" \/>\n<meta property=\"og:title\" content=\"Trame Florale - lavigny.net\" \/>\n<meta property=\"og:description\" content=\"Ce foulard en soie simple face pr\u00e9sente une r\u00e9interpr\u00e9tation moderne d&#039;un motif datant de 1885. D\u00e9couvert \u00e0 l&#039;origine dans les archives de l&#039;usine textile de Wesserling, l&#039;imprim\u00e9 a \u00e9t\u00e9 conserv\u00e9 sur un robrack, un \u00e9chantillon de tissu historique de cette manufacture alsacienne embl\u00e9matique. \u00c0 la fin du XIXe si\u00e8cle, la Manufacture d&#039;Impression de Wesserling \u00e9tait \u00e0 la pointe de l&#039;innovation textile, alliant prouesses industrielles et vision artistique audacieuse. Aujourd&#039;hui raviv\u00e9 avec une touche contemporaine, le motif est imprim\u00e9 sur de la soie fine, rayonnant de couleurs et de mouvements subtils. Une pi\u00e8ce qui r\u00e9imagine une fleur intemporelle sous l&#039;angle de l&#039;\u00e9l\u00e9gance moderne.\" \/>\n<meta property=\"og:url\" content=\"https:\/\/lavigny.net\/fr\/produit\/trame-florale\/\" \/>\n<meta property=\"og:site_name\" content=\"lavigny.net\" \/>\n<meta property=\"article:modified_time\" content=\"2025-09-02T06:33:13+00:00\" \/>\n<meta property=\"og:image\" content=\"https:\/\/lavigny.net\/wp-content\/uploads\/2025\/05\/trame-florale-1.png\" \/>\n\t<meta property=\"og:image:width\" content=\"1035\" \/>\n\t<meta property=\"og:image:height\" content=\"1035\" \/>\n\t<meta property=\"og:image:type\" content=\"image\/png\" \/>\n<meta name=\"twitter:card\" content=\"summary_large_image\" \/>\n<script type=\"application\/ld+json\" class=\"yoast-schema-graph\">{\"@context\":\"https:\\\/\\\/schema.org\",\"@graph\":[{\"@type\":\"WebPage\",\"@id\":\"https:\\\/\\\/lavigny.net\\\/fr\\\/produit\\\/trame-florale\\\/\",\"url\":\"https:\\\/\\\/lavigny.net\\\/fr\\\/produit\\\/trame-florale\\\/\",\"name\":\"Trame Florale - lavigny.net\",\"isPartOf\":{\"@id\":\"https:\\\/\\\/lavigny.net\\\/fr\\\/#website\"},\"primaryImageOfPage\":{\"@id\":\"https:\\\/\\\/lavigny.net\\\/fr\\\/produit\\\/trame-florale\\\/#primaryimage\"},\"image\":{\"@id\":\"https:\\\/\\\/lavigny.net\\\/fr\\\/produit\\\/trame-florale\\\/#primaryimage\"},\"thumbnailUrl\":\"https:\\\/\\\/lavigny.net\\\/wp-content\\\/uploads\\\/2025\\\/05\\\/trame-florale-1.png\",\"datePublished\":\"2025-05-06T06:39:12+00:00\",\"dateModified\":\"2025-09-02T06:33:13+00:00\",\"breadcrumb\":{\"@id\":\"https:\\\/\\\/lavigny.net\\\/fr\\\/produit\\\/trame-florale\\\/#breadcrumb\"},\"inLanguage\":\"fr-FR\",\"potentialAction\":[{\"@type\":\"ReadAction\",\"target\":[\"https:\\\/\\\/lavigny.net\\\/fr\\\/produit\\\/trame-florale\\\/\"]}]},{\"@type\":\"ImageObject\",\"inLanguage\":\"fr-FR\",\"@id\":\"https:\\\/\\\/lavigny.net\\\/fr\\\/produit\\\/trame-florale\\\/#primaryimage\",\"url\":\"https:\\\/\\\/lavigny.net\\\/wp-content\\\/uploads\\\/2025\\\/05\\\/trame-florale-1.png\",\"contentUrl\":\"https:\\\/\\\/lavigny.net\\\/wp-content\\\/uploads\\\/2025\\\/05\\\/trame-florale-1.png\",\"width\":1035,\"height\":1035},{\"@type\":\"BreadcrumbList\",\"@id\":\"https:\\\/\\\/lavigny.net\\\/fr\\\/produit\\\/trame-florale\\\/#breadcrumb\",\"itemListElement\":[{\"@type\":\"ListItem\",\"position\":1,\"name\":\"Home\",\"item\":\"https:\\\/\\\/lavigny.net\\\/fr\\\/accueil\\\/\"},{\"@type\":\"ListItem\",\"position\":2,\"name\":\"Shop\",\"item\":\"https:\\\/\\\/lavigny.net\\\/fr\\\/boutique\\\/\"},{\"@type\":\"ListItem\",\"position\":3,\"name\":\"Trame Florale\"}]},{\"@type\":\"WebSite\",\"@id\":\"https:\\\/\\\/lavigny.net\\\/fr\\\/#website\",\"url\":\"https:\\\/\\\/lavigny.net\\\/fr\\\/\",\"name\":\"lavigny.net\",\"description\":\"\",\"publisher\":{\"@id\":\"https:\\\/\\\/lavigny.net\\\/fr\\\/#organization\"},\"potentialAction\":[{\"@type\":\"SearchAction\",\"target\":{\"@type\":\"EntryPoint\",\"urlTemplate\":\"https:\\\/\\\/lavigny.net\\\/fr\\\/?s={search_term_string}\"},\"query-input\":{\"@type\":\"PropertyValueSpecification\",\"valueRequired\":true,\"valueName\":\"search_term_string\"}}],\"inLanguage\":\"fr-FR\"},{\"@type\":\"Organization\",\"@id\":\"https:\\\/\\\/lavigny.net\\\/fr\\\/#organization\",\"name\":\"lavigny.net\",\"url\":\"https:\\\/\\\/lavigny.net\\\/fr\\\/\",\"logo\":{\"@type\":\"ImageObject\",\"inLanguage\":\"fr-FR\",\"@id\":\"https:\\\/\\\/lavigny.net\\\/fr\\\/#\\\/schema\\\/logo\\\/image\\\/\",\"url\":\"https:\\\/\\\/lavigny.net\\\/wp-content\\\/uploads\\\/2025\\\/05\\\/cropped-logo_lavigny-scaled-1.png\",\"contentUrl\":\"https:\\\/\\\/lavigny.net\\\/wp-content\\\/uploads\\\/2025\\\/05\\\/cropped-logo_lavigny-scaled-1.png\",\"width\":938,\"height\":948,\"caption\":\"lavigny.net\"},\"image\":{\"@id\":\"https:\\\/\\\/lavigny.net\\\/fr\\\/#\\\/schema\\\/logo\\\/image\\\/\"}}]}<\/script>\n<!-- \/ Yoast SEO plugin. -->","yoast_head_json":{"title":"Trame Florale - lavigny.net","robots":{"index":"index","follow":"follow","max-snippet":"max-snippet:-1","max-image-preview":"max-image-preview:large","max-video-preview":"max-video-preview:-1"},"canonical":"https:\/\/lavigny.net\/fr\/produit\/trame-florale\/","og_locale":"fr_FR","og_type":"article","og_title":"Trame Florale - lavigny.net","og_description":"Ce foulard en soie simple face pr\u00e9sente une r\u00e9interpr\u00e9tation moderne d'un motif datant de 1885. D\u00e9couvert \u00e0 l'origine dans les archives de l'usine textile de Wesserling, l'imprim\u00e9 a \u00e9t\u00e9 conserv\u00e9 sur un robrack, un \u00e9chantillon de tissu historique de cette manufacture alsacienne embl\u00e9matique. \u00c0 la fin du XIXe si\u00e8cle, la Manufacture d'Impression de Wesserling \u00e9tait \u00e0 la pointe de l'innovation textile, alliant prouesses industrielles et vision artistique audacieuse. Aujourd'hui raviv\u00e9 avec une touche contemporaine, le motif est imprim\u00e9 sur de la soie fine, rayonnant de couleurs et de mouvements subtils. Une pi\u00e8ce qui r\u00e9imagine une fleur intemporelle sous l'angle de l'\u00e9l\u00e9gance moderne.","og_url":"https:\/\/lavigny.net\/fr\/produit\/trame-florale\/","og_site_name":"lavigny.net","article_modified_time":"2025-09-02T06:33:13+00:00","og_image":[{"width":1035,"height":1035,"url":"https:\/\/lavigny.net\/wp-content\/uploads\/2025\/05\/trame-florale-1.png","type":"image\/png"}],"twitter_card":"summary_large_image","schema":{"@context":"https:\/\/schema.org","@graph":[{"@type":"WebPage","@id":"https:\/\/lavigny.net\/fr\/produit\/trame-florale\/","url":"https:\/\/lavigny.net\/fr\/produit\/trame-florale\/","name":"Trame Florale - lavigny.net","isPartOf":{"@id":"https:\/\/lavigny.net\/fr\/#website"},"primaryImageOfPage":{"@id":"https:\/\/lavigny.net\/fr\/produit\/trame-florale\/#primaryimage"},"image":{"@id":"https:\/\/lavigny.net\/fr\/produit\/trame-florale\/#primaryimage"},"thumbnailUrl":"https:\/\/lavigny.net\/wp-content\/uploads\/2025\/05\/trame-florale-1.png","datePublished":"2025-05-06T06:39:12+00:00","dateModified":"2025-09-02T06:33:13+00:00","breadcrumb":{"@id":"https:\/\/lavigny.net\/fr\/produit\/trame-florale\/#breadcrumb"},"inLanguage":"fr-FR","potentialAction":[{"@type":"ReadAction","target":["https:\/\/lavigny.net\/fr\/produit\/trame-florale\/"]}]},{"@type":"ImageObject","inLanguage":"fr-FR","@id":"https:\/\/lavigny.net\/fr\/produit\/trame-florale\/#primaryimage","url":"https:\/\/lavigny.net\/wp-content\/uploads\/2025\/05\/trame-florale-1.png","contentUrl":"https:\/\/lavigny.net\/wp-content\/uploads\/2025\/05\/trame-florale-1.png","width":1035,"height":1035},{"@type":"BreadcrumbList","@id":"https:\/\/lavigny.net\/fr\/produit\/trame-florale\/#breadcrumb","itemListElement":[{"@type":"ListItem","position":1,"name":"Home","item":"https:\/\/lavigny.net\/fr\/accueil\/"},{"@type":"ListItem","position":2,"name":"Shop","item":"https:\/\/lavigny.net\/fr\/boutique\/"},{"@type":"ListItem","position":3,"name":"Trame Florale"}]},{"@type":"WebSite","@id":"https:\/\/lavigny.net\/fr\/#website","url":"https:\/\/lavigny.net\/fr\/","name":"lavigny.net","description":"","publisher":{"@id":"https:\/\/lavigny.net\/fr\/#organization"},"potentialAction":[{"@type":"SearchAction","target":{"@type":"EntryPoint","urlTemplate":"https:\/\/lavigny.net\/fr\/?s={search_term_string}"},"query-input":{"@type":"PropertyValueSpecification","valueRequired":true,"valueName":"search_term_string"}}],"inLanguage":"fr-FR"},{"@type":"Organization","@id":"https:\/\/lavigny.net\/fr\/#organization","name":"lavigny.net","url":"https:\/\/lavigny.net\/fr\/","logo":{"@type":"ImageObject","inLanguage":"fr-FR","@id":"https:\/\/lavigny.net\/fr\/#\/schema\/logo\/image\/","url":"https:\/\/lavigny.net\/wp-content\/uploads\/2025\/05\/cropped-logo_lavigny-scaled-1.png","contentUrl":"https:\/\/lavigny.net\/wp-content\/uploads\/2025\/05\/cropped-logo_lavigny-scaled-1.png","width":938,"height":948,"caption":"lavigny.net"},"image":{"@id":"https:\/\/lavigny.net\/fr\/#\/schema\/logo\/image\/"}}]}},"_links":{"self":[{"href":"https:\/\/lavigny.net\/fr\/wp-json\/wp\/v2\/product\/9043","targetHints":{"allow":["GET"]}}],"collection":[{"href":"https:\/\/lavigny.net\/fr\/wp-json\/wp\/v2\/product"}],"about":[{"href":"https:\/\/lavigny.net\/fr\/wp-json\/wp\/v2\/types\/product"}],"replies":[{"embeddable":true,"href":"https:\/\/lavigny.net\/fr\/wp-json\/wp\/v2\/comments?post=9043"}],"wp:featuredmedia":[{"embeddable":true,"href":"https:\/\/lavigny.net\/fr\/wp-json\/wp\/v2\/media\/9317"}],"wp:attachment":[{"href":"https:\/\/lavigny.net\/fr\/wp-json\/wp\/v2\/media?parent=9043"}],"wp:term":[{"taxonomy":"product_brand","embeddable":true,"href":"https:\/\/lavigny.net\/fr\/wp-json\/wp\/v2\/product_brand?post=9043"},{"taxonomy":"product_cat","embeddable":true,"href":"https:\/\/lavigny.net\/fr\/wp-json\/wp\/v2\/product_cat?post=9043"},{"taxonomy":"product_tag","embeddable":true,"href":"https:\/\/lavigny.net\/fr\/wp-json\/wp\/v2\/product_tag?post=9043"}],"curies":[{"name":"wp","href":"https:\/\/api.w.org\/{rel}","templated":true}]}}