{"id":9207,"date":"2025-08-26T13:10:51","date_gmt":"2025-08-26T13:10:51","guid":{"rendered":"https:\/\/lavigny.net\/?post_type=product&#038;p=9207"},"modified":"2025-09-01T14:56:30","modified_gmt":"2025-09-01T14:56:30","slug":"vibrant-meadows-copy-copy","status":"publish","type":"product","link":"https:\/\/lavigny.net\/de\/produkt\/vibrant-meadows-copy-copy\/","title":{"rendered":"Po\u00e9sie M\u00e9ridionale"},"content":{"rendered":"<ul>\n<li>Doubleface-Seidentuch<\/li>\n<li>100% Seide (17.5 mommes)<\/li>\n<li>Handgerollte Veredelung<\/li>\n<li>Hergestellt in Frankreich<\/li>\n<li>Nur chemisch reinigen<\/li>\n<\/ul>\n","protected":false},"excerpt":{"rendered":"<p data-start=\"159\" data-end=\"195\">Zwei Seiten, doppelte Bl\u00fcte: Dieser doppelseitige Seidenschal ist alles andere als gew\u00f6hnlich. Er verspr\u00fcht den Charme S\u00fcdfrankreichs und verleiht jedem Look einen lebendigen und warmen Touch. <\/p>\n<p class=\"\" data-start=\"391\" data-end=\"661\">Aus Seide gefertigt, f\u00fchlt es sich au\u00dfergew\u00f6hnlich weich auf der Haut an und zeigt auf jeder Seite reiche, leuchtende Farbt\u00f6ne. Ob um den Hals gebunden, als Kopftuch getragen oder an einer Tasche gestylt \u2013 dieses zeitlose Accessoire verzaubert doppelt mit seinem Charme. <\/p>\n<p class=\"\" data-start=\"729\" data-end=\"789\">\n","protected":false},"featured_media":9300,"comment_status":"closed","ping_status":"closed","template":"","meta":{"inline_featured_image":false},"product_brand":[],"product_cat":[179,177,178,180],"product_tag":[],"class_list":{"0":"post-9207","1":"product","2":"type-product","3":"status-publish","4":"has-post-thumbnail","6":"product_cat-90-x-90-klassisch","7":"product_cat-doubleface-seidentucher","8":"product_cat-seide","9":"product_cat-whimsical-gardens","11":"first","12":"instock","13":"taxable","14":"shipping-taxable","15":"purchasable","16":"product-type-variable"},"yoast_head":"<!-- This site is optimized with the Yoast SEO plugin v27.4 - https:\/\/yoast.com\/product\/yoast-seo-wordpress\/ -->\n<title>Po\u00e9sie M\u00e9ridionale - lavigny.net<\/title>\n<meta name=\"robots\" content=\"index, follow, max-snippet:-1, max-image-preview:large, max-video-preview:-1\" \/>\n<link rel=\"canonical\" href=\"https:\/\/lavigny.net\/de\/produkt\/vibrant-meadows-copy-copy\/\" \/>\n<meta property=\"og:locale\" content=\"de_DE\" \/>\n<meta property=\"og:type\" content=\"article\" \/>\n<meta property=\"og:title\" content=\"Po\u00e9sie M\u00e9ridionale - lavigny.net\" \/>\n<meta property=\"og:description\" content=\"Zwei Seiten, doppelte Bl\u00fcte: Dieser doppelseitige Seidenschal ist alles andere als gew\u00f6hnlich. Er verspr\u00fcht den Charme S\u00fcdfrankreichs und verleiht jedem Look einen lebendigen und warmen Touch. Aus Seide gefertigt, f\u00fchlt es sich au\u00dfergew\u00f6hnlich weich auf der Haut an und zeigt auf jeder Seite reiche, leuchtende Farbt\u00f6ne. Ob um den Hals gebunden, als Kopftuch getragen oder an einer Tasche gestylt \u2013 dieses zeitlose Accessoire verzaubert doppelt mit seinem Charme.\" \/>\n<meta property=\"og:url\" content=\"https:\/\/lavigny.net\/de\/produkt\/vibrant-meadows-copy-copy\/\" \/>\n<meta property=\"og:site_name\" content=\"lavigny.net\" \/>\n<meta property=\"article:modified_time\" content=\"2025-09-01T14:56:30+00:00\" \/>\n<meta property=\"og:image\" content=\"https:\/\/lavigny.net\/wp-content\/uploads\/2025\/08\/Poesie-Meridionale.png\" \/>\n\t<meta property=\"og:image:width\" content=\"1035\" \/>\n\t<meta property=\"og:image:height\" content=\"1035\" \/>\n\t<meta property=\"og:image:type\" content=\"image\/png\" \/>\n<meta name=\"twitter:card\" content=\"summary_large_image\" \/>\n<script type=\"application\/ld+json\" class=\"yoast-schema-graph\">{\"@context\":\"https:\\\/\\\/schema.org\",\"@graph\":[{\"@type\":\"WebPage\",\"@id\":\"https:\\\/\\\/lavigny.net\\\/de\\\/produkt\\\/vibrant-meadows-copy-copy\\\/\",\"url\":\"https:\\\/\\\/lavigny.net\\\/de\\\/produkt\\\/vibrant-meadows-copy-copy\\\/\",\"name\":\"Po\u00e9sie M\u00e9ridionale - lavigny.net\",\"isPartOf\":{\"@id\":\"https:\\\/\\\/lavigny.net\\\/de\\\/#website\"},\"primaryImageOfPage\":{\"@id\":\"https:\\\/\\\/lavigny.net\\\/de\\\/produkt\\\/vibrant-meadows-copy-copy\\\/#primaryimage\"},\"image\":{\"@id\":\"https:\\\/\\\/lavigny.net\\\/de\\\/produkt\\\/vibrant-meadows-copy-copy\\\/#primaryimage\"},\"thumbnailUrl\":\"https:\\\/\\\/lavigny.net\\\/wp-content\\\/uploads\\\/2025\\\/08\\\/Poesie-Meridionale.png\",\"datePublished\":\"2025-08-26T13:10:51+00:00\",\"dateModified\":\"2025-09-01T14:56:30+00:00\",\"breadcrumb\":{\"@id\":\"https:\\\/\\\/lavigny.net\\\/de\\\/produkt\\\/vibrant-meadows-copy-copy\\\/#breadcrumb\"},\"inLanguage\":\"de\",\"potentialAction\":[{\"@type\":\"ReadAction\",\"target\":[\"https:\\\/\\\/lavigny.net\\\/de\\\/produkt\\\/vibrant-meadows-copy-copy\\\/\"]}]},{\"@type\":\"ImageObject\",\"inLanguage\":\"de\",\"@id\":\"https:\\\/\\\/lavigny.net\\\/de\\\/produkt\\\/vibrant-meadows-copy-copy\\\/#primaryimage\",\"url\":\"https:\\\/\\\/lavigny.net\\\/wp-content\\\/uploads\\\/2025\\\/08\\\/Poesie-Meridionale.png\",\"contentUrl\":\"https:\\\/\\\/lavigny.net\\\/wp-content\\\/uploads\\\/2025\\\/08\\\/Poesie-Meridionale.png\",\"width\":1035,\"height\":1035},{\"@type\":\"BreadcrumbList\",\"@id\":\"https:\\\/\\\/lavigny.net\\\/de\\\/produkt\\\/vibrant-meadows-copy-copy\\\/#breadcrumb\",\"itemListElement\":[{\"@type\":\"ListItem\",\"position\":1,\"name\":\"Home\",\"item\":\"https:\\\/\\\/lavigny.net\\\/de\\\/startseite\\\/\"},{\"@type\":\"ListItem\",\"position\":2,\"name\":\"Shop\",\"item\":\"https:\\\/\\\/lavigny.net\\\/de\\\/shop\\\/\"},{\"@type\":\"ListItem\",\"position\":3,\"name\":\"Po\u00e9sie M\u00e9ridionale\"}]},{\"@type\":\"WebSite\",\"@id\":\"https:\\\/\\\/lavigny.net\\\/de\\\/#website\",\"url\":\"https:\\\/\\\/lavigny.net\\\/de\\\/\",\"name\":\"lavigny.net\",\"description\":\"\",\"publisher\":{\"@id\":\"https:\\\/\\\/lavigny.net\\\/de\\\/#organization\"},\"potentialAction\":[{\"@type\":\"SearchAction\",\"target\":{\"@type\":\"EntryPoint\",\"urlTemplate\":\"https:\\\/\\\/lavigny.net\\\/de\\\/?s={search_term_string}\"},\"query-input\":{\"@type\":\"PropertyValueSpecification\",\"valueRequired\":true,\"valueName\":\"search_term_string\"}}],\"inLanguage\":\"de\"},{\"@type\":\"Organization\",\"@id\":\"https:\\\/\\\/lavigny.net\\\/de\\\/#organization\",\"name\":\"lavigny.net\",\"url\":\"https:\\\/\\\/lavigny.net\\\/de\\\/\",\"logo\":{\"@type\":\"ImageObject\",\"inLanguage\":\"de\",\"@id\":\"https:\\\/\\\/lavigny.net\\\/de\\\/#\\\/schema\\\/logo\\\/image\\\/\",\"url\":\"https:\\\/\\\/lavigny.net\\\/wp-content\\\/uploads\\\/2025\\\/05\\\/cropped-logo_lavigny-scaled-1.png\",\"contentUrl\":\"https:\\\/\\\/lavigny.net\\\/wp-content\\\/uploads\\\/2025\\\/05\\\/cropped-logo_lavigny-scaled-1.png\",\"width\":938,\"height\":948,\"caption\":\"lavigny.net\"},\"image\":{\"@id\":\"https:\\\/\\\/lavigny.net\\\/de\\\/#\\\/schema\\\/logo\\\/image\\\/\"}}]}<\/script>\n<!-- \/ Yoast SEO plugin. -->","yoast_head_json":{"title":"Po\u00e9sie M\u00e9ridionale - lavigny.net","robots":{"index":"index","follow":"follow","max-snippet":"max-snippet:-1","max-image-preview":"max-image-preview:large","max-video-preview":"max-video-preview:-1"},"canonical":"https:\/\/lavigny.net\/de\/produkt\/vibrant-meadows-copy-copy\/","og_locale":"de_DE","og_type":"article","og_title":"Po\u00e9sie M\u00e9ridionale - lavigny.net","og_description":"Zwei Seiten, doppelte Bl\u00fcte: Dieser doppelseitige Seidenschal ist alles andere als gew\u00f6hnlich. Er verspr\u00fcht den Charme S\u00fcdfrankreichs und verleiht jedem Look einen lebendigen und warmen Touch. Aus Seide gefertigt, f\u00fchlt es sich au\u00dfergew\u00f6hnlich weich auf der Haut an und zeigt auf jeder Seite reiche, leuchtende Farbt\u00f6ne. Ob um den Hals gebunden, als Kopftuch getragen oder an einer Tasche gestylt \u2013 dieses zeitlose Accessoire verzaubert doppelt mit seinem Charme.","og_url":"https:\/\/lavigny.net\/de\/produkt\/vibrant-meadows-copy-copy\/","og_site_name":"lavigny.net","article_modified_time":"2025-09-01T14:56:30+00:00","og_image":[{"width":1035,"height":1035,"url":"https:\/\/lavigny.net\/wp-content\/uploads\/2025\/08\/Poesie-Meridionale.png","type":"image\/png"}],"twitter_card":"summary_large_image","schema":{"@context":"https:\/\/schema.org","@graph":[{"@type":"WebPage","@id":"https:\/\/lavigny.net\/de\/produkt\/vibrant-meadows-copy-copy\/","url":"https:\/\/lavigny.net\/de\/produkt\/vibrant-meadows-copy-copy\/","name":"Po\u00e9sie M\u00e9ridionale - lavigny.net","isPartOf":{"@id":"https:\/\/lavigny.net\/de\/#website"},"primaryImageOfPage":{"@id":"https:\/\/lavigny.net\/de\/produkt\/vibrant-meadows-copy-copy\/#primaryimage"},"image":{"@id":"https:\/\/lavigny.net\/de\/produkt\/vibrant-meadows-copy-copy\/#primaryimage"},"thumbnailUrl":"https:\/\/lavigny.net\/wp-content\/uploads\/2025\/08\/Poesie-Meridionale.png","datePublished":"2025-08-26T13:10:51+00:00","dateModified":"2025-09-01T14:56:30+00:00","breadcrumb":{"@id":"https:\/\/lavigny.net\/de\/produkt\/vibrant-meadows-copy-copy\/#breadcrumb"},"inLanguage":"de","potentialAction":[{"@type":"ReadAction","target":["https:\/\/lavigny.net\/de\/produkt\/vibrant-meadows-copy-copy\/"]}]},{"@type":"ImageObject","inLanguage":"de","@id":"https:\/\/lavigny.net\/de\/produkt\/vibrant-meadows-copy-copy\/#primaryimage","url":"https:\/\/lavigny.net\/wp-content\/uploads\/2025\/08\/Poesie-Meridionale.png","contentUrl":"https:\/\/lavigny.net\/wp-content\/uploads\/2025\/08\/Poesie-Meridionale.png","width":1035,"height":1035},{"@type":"BreadcrumbList","@id":"https:\/\/lavigny.net\/de\/produkt\/vibrant-meadows-copy-copy\/#breadcrumb","itemListElement":[{"@type":"ListItem","position":1,"name":"Home","item":"https:\/\/lavigny.net\/de\/startseite\/"},{"@type":"ListItem","position":2,"name":"Shop","item":"https:\/\/lavigny.net\/de\/shop\/"},{"@type":"ListItem","position":3,"name":"Po\u00e9sie M\u00e9ridionale"}]},{"@type":"WebSite","@id":"https:\/\/lavigny.net\/de\/#website","url":"https:\/\/lavigny.net\/de\/","name":"lavigny.net","description":"","publisher":{"@id":"https:\/\/lavigny.net\/de\/#organization"},"potentialAction":[{"@type":"SearchAction","target":{"@type":"EntryPoint","urlTemplate":"https:\/\/lavigny.net\/de\/?s={search_term_string}"},"query-input":{"@type":"PropertyValueSpecification","valueRequired":true,"valueName":"search_term_string"}}],"inLanguage":"de"},{"@type":"Organization","@id":"https:\/\/lavigny.net\/de\/#organization","name":"lavigny.net","url":"https:\/\/lavigny.net\/de\/","logo":{"@type":"ImageObject","inLanguage":"de","@id":"https:\/\/lavigny.net\/de\/#\/schema\/logo\/image\/","url":"https:\/\/lavigny.net\/wp-content\/uploads\/2025\/05\/cropped-logo_lavigny-scaled-1.png","contentUrl":"https:\/\/lavigny.net\/wp-content\/uploads\/2025\/05\/cropped-logo_lavigny-scaled-1.png","width":938,"height":948,"caption":"lavigny.net"},"image":{"@id":"https:\/\/lavigny.net\/de\/#\/schema\/logo\/image\/"}}]}},"_links":{"self":[{"href":"https:\/\/lavigny.net\/de\/wp-json\/wp\/v2\/product\/9207","targetHints":{"allow":["GET"]}}],"collection":[{"href":"https:\/\/lavigny.net\/de\/wp-json\/wp\/v2\/product"}],"about":[{"href":"https:\/\/lavigny.net\/de\/wp-json\/wp\/v2\/types\/product"}],"replies":[{"embeddable":true,"href":"https:\/\/lavigny.net\/de\/wp-json\/wp\/v2\/comments?post=9207"}],"wp:featuredmedia":[{"embeddable":true,"href":"https:\/\/lavigny.net\/de\/wp-json\/wp\/v2\/media\/9300"}],"wp:attachment":[{"href":"https:\/\/lavigny.net\/de\/wp-json\/wp\/v2\/media?parent=9207"}],"wp:term":[{"taxonomy":"product_brand","embeddable":true,"href":"https:\/\/lavigny.net\/de\/wp-json\/wp\/v2\/product_brand?post=9207"},{"taxonomy":"product_cat","embeddable":true,"href":"https:\/\/lavigny.net\/de\/wp-json\/wp\/v2\/product_cat?post=9207"},{"taxonomy":"product_tag","embeddable":true,"href":"https:\/\/lavigny.net\/de\/wp-json\/wp\/v2\/product_tag?post=9207"}],"curies":[{"name":"wp","href":"https:\/\/api.w.org\/{rel}","templated":true}]}}