{"id":9135,"date":"2025-05-06T06:39:12","date_gmt":"2025-05-06T06:39:12","guid":{"rendered":"https:\/\/lavigny.net\/product\/trame-florale\/"},"modified":"2025-05-06T06:39:12","modified_gmt":"2025-05-06T06:39:12","slug":"trame-florale","status":"publish","type":"product","link":"https:\/\/lavigny.net\/de\/produkt\/trame-florale\/","title":{"rendered":"Trame Florale"},"content":{"rendered":"<ul>\n<li>Einseitiges Seidentuch<\/li>\n<li>100% Seide (14 mommes)<\/li>\n<li>Maschinell gerollter Saum<\/li>\n<li>Entworfen &amp; hergestellt in Frankreich<\/li>\n<\/ul>\n","protected":false},"excerpt":{"rendered":"<p>Dieses einseitige Seidentuch zeigt eine moderne Neuinterpretation eines Motivs aus dem Jahr 1885. Urspr\u00fcnglich in den Archiven der Textilmanufaktur Wesserling entdeckt, wurde der Druck auf einem Robrack<i>,<\/i> einer historischen Stoffprobe aus dieser ikonischen els\u00e4ssischen Manufaktur, bewahrt. Ende des 19. Jahrhunderts stand die Manufacture d\u2019Impression de Wesserling an der Spitze der Textilinnovation \u2013 ein Ort, an dem industrielle Kompetenz auf k\u00fchne k\u00fcnstlerische Vision traf.  <\/p>\n<p>Jetzt mit zeitgen\u00f6ssischem Flair neu belebt, ist das Design auf feiner Seide gedruckt und strahlt Farbe sowie subtile Bewegung aus. Ein Statement-St\u00fcck, das eine zeitlose Bl\u00fcte durch die Linse moderner Eleganz neu interpretiert. <\/p>\n","protected":false},"featured_media":9318,"comment_status":"open","ping_status":"closed","template":"","meta":{"inline_featured_image":false},"product_brand":[],"product_cat":[179,177,187,178],"product_tag":[],"class_list":{"0":"post-9135","1":"product","2":"type-product","3":"status-publish","4":"has-post-thumbnail","6":"product_cat-90-x-90-klassisch","7":"product_cat-doubleface-seidentucher","8":"product_cat-lavigny-x-parc-de-wesserling-de","9":"product_cat-seide","11":"first","12":"instock","13":"taxable","14":"shipping-taxable","15":"purchasable","16":"product-type-variable"},"yoast_head":"<!-- This site is optimized with the Yoast SEO plugin v27.4 - https:\/\/yoast.com\/product\/yoast-seo-wordpress\/ -->\n<title>Trame Florale - lavigny.net<\/title>\n<meta name=\"robots\" content=\"index, follow, max-snippet:-1, max-image-preview:large, max-video-preview:-1\" \/>\n<link rel=\"canonical\" href=\"https:\/\/lavigny.net\/de\/produkt\/trame-florale\/\" \/>\n<meta property=\"og:locale\" content=\"de_DE\" \/>\n<meta property=\"og:type\" content=\"article\" \/>\n<meta property=\"og:title\" content=\"Trame Florale - lavigny.net\" \/>\n<meta property=\"og:description\" content=\"Dieses einseitige Seidentuch zeigt eine moderne Neuinterpretation eines Motivs aus dem Jahr 1885. Urspr\u00fcnglich in den Archiven der Textilmanufaktur Wesserling entdeckt, wurde der Druck auf einem Robrack, einer historischen Stoffprobe aus dieser ikonischen els\u00e4ssischen Manufaktur, bewahrt. Ende des 19. Jahrhunderts stand die Manufacture d\u2019Impression de Wesserling an der Spitze der Textilinnovation \u2013 ein Ort, an dem industrielle Kompetenz auf k\u00fchne k\u00fcnstlerische Vision traf.  Jetzt mit zeitgen\u00f6ssischem Flair neu belebt, ist das Design auf feiner Seide gedruckt und strahlt Farbe sowie subtile Bewegung aus. Ein Statement-St\u00fcck, das eine zeitlose Bl\u00fcte durch die Linse moderner Eleganz neu interpretiert.\" \/>\n<meta property=\"og:url\" content=\"https:\/\/lavigny.net\/de\/produkt\/trame-florale\/\" \/>\n<meta property=\"og:site_name\" content=\"lavigny.net\" \/>\n<meta property=\"og:image\" content=\"https:\/\/lavigny.net\/wp-content\/uploads\/2025\/05\/trame-florale-724x1024.png\" \/>\n\t<meta property=\"og:image:width\" content=\"724\" \/>\n\t<meta property=\"og:image:height\" content=\"1024\" \/>\n\t<meta property=\"og:image:type\" content=\"image\/png\" \/>\n<meta name=\"twitter:card\" content=\"summary_large_image\" \/>\n<script type=\"application\/ld+json\" class=\"yoast-schema-graph\">{\"@context\":\"https:\\\/\\\/schema.org\",\"@graph\":[{\"@type\":\"WebPage\",\"@id\":\"https:\\\/\\\/lavigny.net\\\/de\\\/produkt\\\/trame-florale\\\/\",\"url\":\"https:\\\/\\\/lavigny.net\\\/de\\\/produkt\\\/trame-florale\\\/\",\"name\":\"Trame Florale - lavigny.net\",\"isPartOf\":{\"@id\":\"https:\\\/\\\/lavigny.net\\\/de\\\/#website\"},\"primaryImageOfPage\":{\"@id\":\"https:\\\/\\\/lavigny.net\\\/de\\\/produkt\\\/trame-florale\\\/#primaryimage\"},\"image\":{\"@id\":\"https:\\\/\\\/lavigny.net\\\/de\\\/produkt\\\/trame-florale\\\/#primaryimage\"},\"thumbnailUrl\":\"https:\\\/\\\/lavigny.net\\\/wp-content\\\/uploads\\\/2025\\\/05\\\/trame-florale-1.png\",\"datePublished\":\"2025-05-06T06:39:12+00:00\",\"breadcrumb\":{\"@id\":\"https:\\\/\\\/lavigny.net\\\/de\\\/produkt\\\/trame-florale\\\/#breadcrumb\"},\"inLanguage\":\"de\",\"potentialAction\":[{\"@type\":\"ReadAction\",\"target\":[\"https:\\\/\\\/lavigny.net\\\/de\\\/produkt\\\/trame-florale\\\/\"]}]},{\"@type\":\"ImageObject\",\"inLanguage\":\"de\",\"@id\":\"https:\\\/\\\/lavigny.net\\\/de\\\/produkt\\\/trame-florale\\\/#primaryimage\",\"url\":\"https:\\\/\\\/lavigny.net\\\/wp-content\\\/uploads\\\/2025\\\/05\\\/trame-florale-1.png\",\"contentUrl\":\"https:\\\/\\\/lavigny.net\\\/wp-content\\\/uploads\\\/2025\\\/05\\\/trame-florale-1.png\",\"width\":1035,\"height\":1035},{\"@type\":\"BreadcrumbList\",\"@id\":\"https:\\\/\\\/lavigny.net\\\/de\\\/produkt\\\/trame-florale\\\/#breadcrumb\",\"itemListElement\":[{\"@type\":\"ListItem\",\"position\":1,\"name\":\"Home\",\"item\":\"https:\\\/\\\/lavigny.net\\\/de\\\/startseite\\\/\"},{\"@type\":\"ListItem\",\"position\":2,\"name\":\"Shop\",\"item\":\"https:\\\/\\\/lavigny.net\\\/de\\\/shop\\\/\"},{\"@type\":\"ListItem\",\"position\":3,\"name\":\"Trame Florale\"}]},{\"@type\":\"WebSite\",\"@id\":\"https:\\\/\\\/lavigny.net\\\/de\\\/#website\",\"url\":\"https:\\\/\\\/lavigny.net\\\/de\\\/\",\"name\":\"lavigny.net\",\"description\":\"\",\"publisher\":{\"@id\":\"https:\\\/\\\/lavigny.net\\\/de\\\/#organization\"},\"potentialAction\":[{\"@type\":\"SearchAction\",\"target\":{\"@type\":\"EntryPoint\",\"urlTemplate\":\"https:\\\/\\\/lavigny.net\\\/de\\\/?s={search_term_string}\"},\"query-input\":{\"@type\":\"PropertyValueSpecification\",\"valueRequired\":true,\"valueName\":\"search_term_string\"}}],\"inLanguage\":\"de\"},{\"@type\":\"Organization\",\"@id\":\"https:\\\/\\\/lavigny.net\\\/de\\\/#organization\",\"name\":\"lavigny.net\",\"url\":\"https:\\\/\\\/lavigny.net\\\/de\\\/\",\"logo\":{\"@type\":\"ImageObject\",\"inLanguage\":\"de\",\"@id\":\"https:\\\/\\\/lavigny.net\\\/de\\\/#\\\/schema\\\/logo\\\/image\\\/\",\"url\":\"https:\\\/\\\/lavigny.net\\\/wp-content\\\/uploads\\\/2025\\\/05\\\/cropped-logo_lavigny-scaled-1.png\",\"contentUrl\":\"https:\\\/\\\/lavigny.net\\\/wp-content\\\/uploads\\\/2025\\\/05\\\/cropped-logo_lavigny-scaled-1.png\",\"width\":938,\"height\":948,\"caption\":\"lavigny.net\"},\"image\":{\"@id\":\"https:\\\/\\\/lavigny.net\\\/de\\\/#\\\/schema\\\/logo\\\/image\\\/\"}}]}<\/script>\n<!-- \/ Yoast SEO plugin. -->","yoast_head_json":{"title":"Trame Florale - lavigny.net","robots":{"index":"index","follow":"follow","max-snippet":"max-snippet:-1","max-image-preview":"max-image-preview:large","max-video-preview":"max-video-preview:-1"},"canonical":"https:\/\/lavigny.net\/de\/produkt\/trame-florale\/","og_locale":"de_DE","og_type":"article","og_title":"Trame Florale - lavigny.net","og_description":"Dieses einseitige Seidentuch zeigt eine moderne Neuinterpretation eines Motivs aus dem Jahr 1885. Urspr\u00fcnglich in den Archiven der Textilmanufaktur Wesserling entdeckt, wurde der Druck auf einem Robrack, einer historischen Stoffprobe aus dieser ikonischen els\u00e4ssischen Manufaktur, bewahrt. Ende des 19. Jahrhunderts stand die Manufacture d\u2019Impression de Wesserling an der Spitze der Textilinnovation \u2013 ein Ort, an dem industrielle Kompetenz auf k\u00fchne k\u00fcnstlerische Vision traf.  Jetzt mit zeitgen\u00f6ssischem Flair neu belebt, ist das Design auf feiner Seide gedruckt und strahlt Farbe sowie subtile Bewegung aus. Ein Statement-St\u00fcck, das eine zeitlose Bl\u00fcte durch die Linse moderner Eleganz neu interpretiert.","og_url":"https:\/\/lavigny.net\/de\/produkt\/trame-florale\/","og_site_name":"lavigny.net","og_image":[{"width":724,"height":1024,"url":"https:\/\/lavigny.net\/wp-content\/uploads\/2025\/05\/trame-florale-724x1024.png","type":"image\/png"}],"twitter_card":"summary_large_image","schema":{"@context":"https:\/\/schema.org","@graph":[{"@type":"WebPage","@id":"https:\/\/lavigny.net\/de\/produkt\/trame-florale\/","url":"https:\/\/lavigny.net\/de\/produkt\/trame-florale\/","name":"Trame Florale - lavigny.net","isPartOf":{"@id":"https:\/\/lavigny.net\/de\/#website"},"primaryImageOfPage":{"@id":"https:\/\/lavigny.net\/de\/produkt\/trame-florale\/#primaryimage"},"image":{"@id":"https:\/\/lavigny.net\/de\/produkt\/trame-florale\/#primaryimage"},"thumbnailUrl":"https:\/\/lavigny.net\/wp-content\/uploads\/2025\/05\/trame-florale-1.png","datePublished":"2025-05-06T06:39:12+00:00","breadcrumb":{"@id":"https:\/\/lavigny.net\/de\/produkt\/trame-florale\/#breadcrumb"},"inLanguage":"de","potentialAction":[{"@type":"ReadAction","target":["https:\/\/lavigny.net\/de\/produkt\/trame-florale\/"]}]},{"@type":"ImageObject","inLanguage":"de","@id":"https:\/\/lavigny.net\/de\/produkt\/trame-florale\/#primaryimage","url":"https:\/\/lavigny.net\/wp-content\/uploads\/2025\/05\/trame-florale-1.png","contentUrl":"https:\/\/lavigny.net\/wp-content\/uploads\/2025\/05\/trame-florale-1.png","width":1035,"height":1035},{"@type":"BreadcrumbList","@id":"https:\/\/lavigny.net\/de\/produkt\/trame-florale\/#breadcrumb","itemListElement":[{"@type":"ListItem","position":1,"name":"Home","item":"https:\/\/lavigny.net\/de\/startseite\/"},{"@type":"ListItem","position":2,"name":"Shop","item":"https:\/\/lavigny.net\/de\/shop\/"},{"@type":"ListItem","position":3,"name":"Trame Florale"}]},{"@type":"WebSite","@id":"https:\/\/lavigny.net\/de\/#website","url":"https:\/\/lavigny.net\/de\/","name":"lavigny.net","description":"","publisher":{"@id":"https:\/\/lavigny.net\/de\/#organization"},"potentialAction":[{"@type":"SearchAction","target":{"@type":"EntryPoint","urlTemplate":"https:\/\/lavigny.net\/de\/?s={search_term_string}"},"query-input":{"@type":"PropertyValueSpecification","valueRequired":true,"valueName":"search_term_string"}}],"inLanguage":"de"},{"@type":"Organization","@id":"https:\/\/lavigny.net\/de\/#organization","name":"lavigny.net","url":"https:\/\/lavigny.net\/de\/","logo":{"@type":"ImageObject","inLanguage":"de","@id":"https:\/\/lavigny.net\/de\/#\/schema\/logo\/image\/","url":"https:\/\/lavigny.net\/wp-content\/uploads\/2025\/05\/cropped-logo_lavigny-scaled-1.png","contentUrl":"https:\/\/lavigny.net\/wp-content\/uploads\/2025\/05\/cropped-logo_lavigny-scaled-1.png","width":938,"height":948,"caption":"lavigny.net"},"image":{"@id":"https:\/\/lavigny.net\/de\/#\/schema\/logo\/image\/"}}]}},"_links":{"self":[{"href":"https:\/\/lavigny.net\/de\/wp-json\/wp\/v2\/product\/9135","targetHints":{"allow":["GET"]}}],"collection":[{"href":"https:\/\/lavigny.net\/de\/wp-json\/wp\/v2\/product"}],"about":[{"href":"https:\/\/lavigny.net\/de\/wp-json\/wp\/v2\/types\/product"}],"replies":[{"embeddable":true,"href":"https:\/\/lavigny.net\/de\/wp-json\/wp\/v2\/comments?post=9135"}],"wp:featuredmedia":[{"embeddable":true,"href":"https:\/\/lavigny.net\/de\/wp-json\/wp\/v2\/media\/9318"}],"wp:attachment":[{"href":"https:\/\/lavigny.net\/de\/wp-json\/wp\/v2\/media?parent=9135"}],"wp:term":[{"taxonomy":"product_brand","embeddable":true,"href":"https:\/\/lavigny.net\/de\/wp-json\/wp\/v2\/product_brand?post=9135"},{"taxonomy":"product_cat","embeddable":true,"href":"https:\/\/lavigny.net\/de\/wp-json\/wp\/v2\/product_cat?post=9135"},{"taxonomy":"product_tag","embeddable":true,"href":"https:\/\/lavigny.net\/de\/wp-json\/wp\/v2\/product_tag?post=9135"}],"curies":[{"name":"wp","href":"https:\/\/api.w.org\/{rel}","templated":true}]}}