{"id":9122,"date":"2024-10-28T09:07:23","date_gmt":"2024-10-28T09:07:23","guid":{"rendered":"https:\/\/lavigny.net\/product\/graceful-butterflies\/"},"modified":"2025-09-02T06:40:15","modified_gmt":"2025-09-02T06:40:15","slug":"graceful-butterflies","status":"publish","type":"product","link":"https:\/\/lavigny.net\/de\/produkt\/graceful-butterflies\/","title":{"rendered":"Univers Papillonnant"},"content":{"rendered":"<ul>\n<li>Doubleface-Seidentuch<\/li>\n<li>100% Seide (17.5 mommes)<\/li>\n<li>Handgerollte Veredelung<\/li>\n<li>Hergestellt in Frankreich<\/li>\n<li>Nur chemisch reinigen<\/li>\n<\/ul>\n","protected":false},"excerpt":{"rendered":"<p data-start=\"135\" data-end=\"173\">Zwei Seiten, ein poetischer Flug: Dieses doppelseitige Seidentuch ist mehr als nur elegant \u2013 es ist eine Hommage an die Anmut in Bewegung. Mit zarten, farbenfrohen Schmetterlingen auf beiden Seiten verziert, verleiht es deinem Look Leichtigkeit und Fantasie und zieht aus jedem Blickwinkel alle Blicke auf sich. <\/p>\n<p class=\"\" data-start=\"426\" data-end=\"706\">Aus feiner Seide gefertigt, f\u00fchlt es sich au\u00dfergew\u00f6hnlich sanft auf der Haut an und entfaltet auf beiden Seiten einen edlen Schimmer. Ob um den Hals gebunden, im Haar gestylt oder ums Handgelenk gewickelt \u2013 dieses Tuch wird zum idealen Begleiter f\u00fcr deine ausdrucksst\u00e4rksten Looks. <\/p>\n","protected":false},"featured_media":9340,"comment_status":"open","ping_status":"closed","template":"","meta":{"inline_featured_image":false},"product_brand":[],"product_cat":[184,183,179,177,182,178],"product_tag":[],"class_list":{"0":"post-9122","1":"product","2":"type-product","3":"status-publish","4":"has-post-thumbnail","6":"product_cat-45-x-45-gavroche-de","7":"product_cat-70-x-70-klassisch","8":"product_cat-90-x-90-klassisch","9":"product_cat-doubleface-seidentucher","10":"product_cat-savage-beauty","11":"product_cat-seide","13":"first","14":"instock","15":"taxable","16":"shipping-taxable","17":"purchasable","18":"product-type-variable"},"yoast_head":"<!-- This site is optimized with the Yoast SEO plugin v27.4 - https:\/\/yoast.com\/product\/yoast-seo-wordpress\/ -->\n<title>Univers Papillonnant - lavigny.net<\/title>\n<meta name=\"robots\" content=\"index, follow, max-snippet:-1, max-image-preview:large, max-video-preview:-1\" \/>\n<link rel=\"canonical\" href=\"https:\/\/lavigny.net\/de\/produkt\/graceful-butterflies\/\" \/>\n<meta property=\"og:locale\" content=\"de_DE\" \/>\n<meta property=\"og:type\" content=\"article\" \/>\n<meta property=\"og:title\" content=\"Univers Papillonnant - lavigny.net\" \/>\n<meta property=\"og:description\" content=\"Zwei Seiten, ein poetischer Flug: Dieses doppelseitige Seidentuch ist mehr als nur elegant \u2013 es ist eine Hommage an die Anmut in Bewegung. Mit zarten, farbenfrohen Schmetterlingen auf beiden Seiten verziert, verleiht es deinem Look Leichtigkeit und Fantasie und zieht aus jedem Blickwinkel alle Blicke auf sich. Aus feiner Seide gefertigt, f\u00fchlt es sich au\u00dfergew\u00f6hnlich sanft auf der Haut an und entfaltet auf beiden Seiten einen edlen Schimmer. Ob um den Hals gebunden, im Haar gestylt oder ums Handgelenk gewickelt \u2013 dieses Tuch wird zum idealen Begleiter f\u00fcr deine ausdrucksst\u00e4rksten Looks.\" \/>\n<meta property=\"og:url\" content=\"https:\/\/lavigny.net\/de\/produkt\/graceful-butterflies\/\" \/>\n<meta property=\"og:site_name\" content=\"lavigny.net\" \/>\n<meta property=\"article:modified_time\" content=\"2025-09-02T06:40:15+00:00\" \/>\n<meta property=\"og:image\" content=\"https:\/\/lavigny.net\/wp-content\/uploads\/2024\/10\/Univers-papillonnant.png\" \/>\n\t<meta property=\"og:image:width\" content=\"1035\" \/>\n\t<meta property=\"og:image:height\" content=\"1035\" \/>\n\t<meta property=\"og:image:type\" content=\"image\/png\" \/>\n<meta name=\"twitter:card\" content=\"summary_large_image\" \/>\n<script type=\"application\/ld+json\" class=\"yoast-schema-graph\">{\"@context\":\"https:\\\/\\\/schema.org\",\"@graph\":[{\"@type\":\"WebPage\",\"@id\":\"https:\\\/\\\/lavigny.net\\\/de\\\/produkt\\\/graceful-butterflies\\\/\",\"url\":\"https:\\\/\\\/lavigny.net\\\/de\\\/produkt\\\/graceful-butterflies\\\/\",\"name\":\"Univers Papillonnant - lavigny.net\",\"isPartOf\":{\"@id\":\"https:\\\/\\\/lavigny.net\\\/de\\\/#website\"},\"primaryImageOfPage\":{\"@id\":\"https:\\\/\\\/lavigny.net\\\/de\\\/produkt\\\/graceful-butterflies\\\/#primaryimage\"},\"image\":{\"@id\":\"https:\\\/\\\/lavigny.net\\\/de\\\/produkt\\\/graceful-butterflies\\\/#primaryimage\"},\"thumbnailUrl\":\"https:\\\/\\\/lavigny.net\\\/wp-content\\\/uploads\\\/2024\\\/10\\\/Univers-papillonnant.png\",\"datePublished\":\"2024-10-28T09:07:23+00:00\",\"dateModified\":\"2025-09-02T06:40:15+00:00\",\"breadcrumb\":{\"@id\":\"https:\\\/\\\/lavigny.net\\\/de\\\/produkt\\\/graceful-butterflies\\\/#breadcrumb\"},\"inLanguage\":\"de\",\"potentialAction\":[{\"@type\":\"ReadAction\",\"target\":[\"https:\\\/\\\/lavigny.net\\\/de\\\/produkt\\\/graceful-butterflies\\\/\"]}]},{\"@type\":\"ImageObject\",\"inLanguage\":\"de\",\"@id\":\"https:\\\/\\\/lavigny.net\\\/de\\\/produkt\\\/graceful-butterflies\\\/#primaryimage\",\"url\":\"https:\\\/\\\/lavigny.net\\\/wp-content\\\/uploads\\\/2024\\\/10\\\/Univers-papillonnant.png\",\"contentUrl\":\"https:\\\/\\\/lavigny.net\\\/wp-content\\\/uploads\\\/2024\\\/10\\\/Univers-papillonnant.png\",\"width\":1035,\"height\":1035},{\"@type\":\"BreadcrumbList\",\"@id\":\"https:\\\/\\\/lavigny.net\\\/de\\\/produkt\\\/graceful-butterflies\\\/#breadcrumb\",\"itemListElement\":[{\"@type\":\"ListItem\",\"position\":1,\"name\":\"Home\",\"item\":\"https:\\\/\\\/lavigny.net\\\/de\\\/startseite\\\/\"},{\"@type\":\"ListItem\",\"position\":2,\"name\":\"Shop\",\"item\":\"https:\\\/\\\/lavigny.net\\\/de\\\/shop\\\/\"},{\"@type\":\"ListItem\",\"position\":3,\"name\":\"Univers Papillonnant\"}]},{\"@type\":\"WebSite\",\"@id\":\"https:\\\/\\\/lavigny.net\\\/de\\\/#website\",\"url\":\"https:\\\/\\\/lavigny.net\\\/de\\\/\",\"name\":\"lavigny.net\",\"description\":\"\",\"publisher\":{\"@id\":\"https:\\\/\\\/lavigny.net\\\/de\\\/#organization\"},\"potentialAction\":[{\"@type\":\"SearchAction\",\"target\":{\"@type\":\"EntryPoint\",\"urlTemplate\":\"https:\\\/\\\/lavigny.net\\\/de\\\/?s={search_term_string}\"},\"query-input\":{\"@type\":\"PropertyValueSpecification\",\"valueRequired\":true,\"valueName\":\"search_term_string\"}}],\"inLanguage\":\"de\"},{\"@type\":\"Organization\",\"@id\":\"https:\\\/\\\/lavigny.net\\\/de\\\/#organization\",\"name\":\"lavigny.net\",\"url\":\"https:\\\/\\\/lavigny.net\\\/de\\\/\",\"logo\":{\"@type\":\"ImageObject\",\"inLanguage\":\"de\",\"@id\":\"https:\\\/\\\/lavigny.net\\\/de\\\/#\\\/schema\\\/logo\\\/image\\\/\",\"url\":\"https:\\\/\\\/lavigny.net\\\/wp-content\\\/uploads\\\/2025\\\/05\\\/cropped-logo_lavigny-scaled-1.png\",\"contentUrl\":\"https:\\\/\\\/lavigny.net\\\/wp-content\\\/uploads\\\/2025\\\/05\\\/cropped-logo_lavigny-scaled-1.png\",\"width\":938,\"height\":948,\"caption\":\"lavigny.net\"},\"image\":{\"@id\":\"https:\\\/\\\/lavigny.net\\\/de\\\/#\\\/schema\\\/logo\\\/image\\\/\"}}]}<\/script>\n<!-- \/ Yoast SEO plugin. -->","yoast_head_json":{"title":"Univers Papillonnant - lavigny.net","robots":{"index":"index","follow":"follow","max-snippet":"max-snippet:-1","max-image-preview":"max-image-preview:large","max-video-preview":"max-video-preview:-1"},"canonical":"https:\/\/lavigny.net\/de\/produkt\/graceful-butterflies\/","og_locale":"de_DE","og_type":"article","og_title":"Univers Papillonnant - lavigny.net","og_description":"Zwei Seiten, ein poetischer Flug: Dieses doppelseitige Seidentuch ist mehr als nur elegant \u2013 es ist eine Hommage an die Anmut in Bewegung. Mit zarten, farbenfrohen Schmetterlingen auf beiden Seiten verziert, verleiht es deinem Look Leichtigkeit und Fantasie und zieht aus jedem Blickwinkel alle Blicke auf sich. Aus feiner Seide gefertigt, f\u00fchlt es sich au\u00dfergew\u00f6hnlich sanft auf der Haut an und entfaltet auf beiden Seiten einen edlen Schimmer. Ob um den Hals gebunden, im Haar gestylt oder ums Handgelenk gewickelt \u2013 dieses Tuch wird zum idealen Begleiter f\u00fcr deine ausdrucksst\u00e4rksten Looks.","og_url":"https:\/\/lavigny.net\/de\/produkt\/graceful-butterflies\/","og_site_name":"lavigny.net","article_modified_time":"2025-09-02T06:40:15+00:00","og_image":[{"width":1035,"height":1035,"url":"https:\/\/lavigny.net\/wp-content\/uploads\/2024\/10\/Univers-papillonnant.png","type":"image\/png"}],"twitter_card":"summary_large_image","schema":{"@context":"https:\/\/schema.org","@graph":[{"@type":"WebPage","@id":"https:\/\/lavigny.net\/de\/produkt\/graceful-butterflies\/","url":"https:\/\/lavigny.net\/de\/produkt\/graceful-butterflies\/","name":"Univers Papillonnant - lavigny.net","isPartOf":{"@id":"https:\/\/lavigny.net\/de\/#website"},"primaryImageOfPage":{"@id":"https:\/\/lavigny.net\/de\/produkt\/graceful-butterflies\/#primaryimage"},"image":{"@id":"https:\/\/lavigny.net\/de\/produkt\/graceful-butterflies\/#primaryimage"},"thumbnailUrl":"https:\/\/lavigny.net\/wp-content\/uploads\/2024\/10\/Univers-papillonnant.png","datePublished":"2024-10-28T09:07:23+00:00","dateModified":"2025-09-02T06:40:15+00:00","breadcrumb":{"@id":"https:\/\/lavigny.net\/de\/produkt\/graceful-butterflies\/#breadcrumb"},"inLanguage":"de","potentialAction":[{"@type":"ReadAction","target":["https:\/\/lavigny.net\/de\/produkt\/graceful-butterflies\/"]}]},{"@type":"ImageObject","inLanguage":"de","@id":"https:\/\/lavigny.net\/de\/produkt\/graceful-butterflies\/#primaryimage","url":"https:\/\/lavigny.net\/wp-content\/uploads\/2024\/10\/Univers-papillonnant.png","contentUrl":"https:\/\/lavigny.net\/wp-content\/uploads\/2024\/10\/Univers-papillonnant.png","width":1035,"height":1035},{"@type":"BreadcrumbList","@id":"https:\/\/lavigny.net\/de\/produkt\/graceful-butterflies\/#breadcrumb","itemListElement":[{"@type":"ListItem","position":1,"name":"Home","item":"https:\/\/lavigny.net\/de\/startseite\/"},{"@type":"ListItem","position":2,"name":"Shop","item":"https:\/\/lavigny.net\/de\/shop\/"},{"@type":"ListItem","position":3,"name":"Univers Papillonnant"}]},{"@type":"WebSite","@id":"https:\/\/lavigny.net\/de\/#website","url":"https:\/\/lavigny.net\/de\/","name":"lavigny.net","description":"","publisher":{"@id":"https:\/\/lavigny.net\/de\/#organization"},"potentialAction":[{"@type":"SearchAction","target":{"@type":"EntryPoint","urlTemplate":"https:\/\/lavigny.net\/de\/?s={search_term_string}"},"query-input":{"@type":"PropertyValueSpecification","valueRequired":true,"valueName":"search_term_string"}}],"inLanguage":"de"},{"@type":"Organization","@id":"https:\/\/lavigny.net\/de\/#organization","name":"lavigny.net","url":"https:\/\/lavigny.net\/de\/","logo":{"@type":"ImageObject","inLanguage":"de","@id":"https:\/\/lavigny.net\/de\/#\/schema\/logo\/image\/","url":"https:\/\/lavigny.net\/wp-content\/uploads\/2025\/05\/cropped-logo_lavigny-scaled-1.png","contentUrl":"https:\/\/lavigny.net\/wp-content\/uploads\/2025\/05\/cropped-logo_lavigny-scaled-1.png","width":938,"height":948,"caption":"lavigny.net"},"image":{"@id":"https:\/\/lavigny.net\/de\/#\/schema\/logo\/image\/"}}]}},"_links":{"self":[{"href":"https:\/\/lavigny.net\/de\/wp-json\/wp\/v2\/product\/9122","targetHints":{"allow":["GET"]}}],"collection":[{"href":"https:\/\/lavigny.net\/de\/wp-json\/wp\/v2\/product"}],"about":[{"href":"https:\/\/lavigny.net\/de\/wp-json\/wp\/v2\/types\/product"}],"replies":[{"embeddable":true,"href":"https:\/\/lavigny.net\/de\/wp-json\/wp\/v2\/comments?post=9122"}],"wp:featuredmedia":[{"embeddable":true,"href":"https:\/\/lavigny.net\/de\/wp-json\/wp\/v2\/media\/9340"}],"wp:attachment":[{"href":"https:\/\/lavigny.net\/de\/wp-json\/wp\/v2\/media?parent=9122"}],"wp:term":[{"taxonomy":"product_brand","embeddable":true,"href":"https:\/\/lavigny.net\/de\/wp-json\/wp\/v2\/product_brand?post=9122"},{"taxonomy":"product_cat","embeddable":true,"href":"https:\/\/lavigny.net\/de\/wp-json\/wp\/v2\/product_cat?post=9122"},{"taxonomy":"product_tag","embeddable":true,"href":"https:\/\/lavigny.net\/de\/wp-json\/wp\/v2\/product_tag?post=9122"}],"curies":[{"name":"wp","href":"https:\/\/api.w.org\/{rel}","templated":true}]}}