{"id":9114,"date":"2024-10-28T08:56:00","date_gmt":"2024-10-28T08:56:00","guid":{"rendered":"https:\/\/lavigny.net\/product\/fields-of-color\/"},"modified":"2025-09-02T07:01:14","modified_gmt":"2025-09-02T07:01:14","slug":"fields-of-color","status":"publish","type":"product","link":"https:\/\/lavigny.net\/de\/produkt\/fields-of-color\/","title":{"rendered":"Champ Luxuriant"},"content":{"rendered":"<ul>\n<li>Doubleface-Seidentuch<\/li>\n<li>100% Seide (17.5 mommes)<\/li>\n<li>Handgerollte Veredelung<\/li>\n<li>Entworfen &amp; hergestellt in Frankreich<\/li>\n<li>Nur chemisch reinigen<\/li>\n<\/ul>\n","protected":false},"excerpt":{"rendered":"<p data-start=\"107\" data-end=\"296\">Dieser zeitlose und detailreiche doppelseitige Seidenschal entfaltet sich wie eine gemalte Wiese &#8211; ein \u00fcppiges Feld mit zarten Blumen in voller Bl\u00fcte, wundersch\u00f6n umrahmt von einem satten, tiefen Farbton.<\/p>\n<p class=\"\" data-start=\"399\" data-end=\"609\">Aus edler Seide gefertigt, bietet es ein geschmeidiges, luxuri\u00f6ses Tragegef\u00fchl und leuchtende Farben auf beiden Seiten. Ob locker drapiert oder elegant gebunden \u2013 es vereint klassischen Charme mit einem ausdrucksstarken, raffinierten Finish. <\/p>\n<p class=\"\" data-start=\"611\" data-end=\"655\">\n","protected":false},"featured_media":9373,"comment_status":"open","ping_status":"closed","template":"","meta":{"inline_featured_image":false},"product_brand":[],"product_cat":[179,181,177,178],"product_tag":[],"class_list":{"0":"post-9114","1":"product","2":"type-product","3":"status-publish","4":"has-post-thumbnail","6":"product_cat-90-x-90-klassisch","7":"product_cat-bound-by-nature","8":"product_cat-doubleface-seidentucher","9":"product_cat-seide","11":"first","12":"instock","13":"taxable","14":"shipping-taxable","15":"purchasable","16":"product-type-variable"},"yoast_head":"<!-- This site is optimized with the Yoast SEO plugin v27.4 - https:\/\/yoast.com\/product\/yoast-seo-wordpress\/ -->\n<title>Champ Luxuriant - lavigny.net<\/title>\n<meta name=\"robots\" content=\"index, follow, max-snippet:-1, max-image-preview:large, max-video-preview:-1\" \/>\n<link rel=\"canonical\" href=\"https:\/\/lavigny.net\/de\/produkt\/fields-of-color\/\" \/>\n<meta property=\"og:locale\" content=\"de_DE\" \/>\n<meta property=\"og:type\" content=\"article\" \/>\n<meta property=\"og:title\" content=\"Champ Luxuriant - lavigny.net\" \/>\n<meta property=\"og:description\" content=\"Dieser zeitlose und detailreiche doppelseitige Seidenschal entfaltet sich wie eine gemalte Wiese - ein \u00fcppiges Feld mit zarten Blumen in voller Bl\u00fcte, wundersch\u00f6n umrahmt von einem satten, tiefen Farbton. Aus edler Seide gefertigt, bietet es ein geschmeidiges, luxuri\u00f6ses Tragegef\u00fchl und leuchtende Farben auf beiden Seiten. Ob locker drapiert oder elegant gebunden \u2013 es vereint klassischen Charme mit einem ausdrucksstarken, raffinierten Finish.\" \/>\n<meta property=\"og:url\" content=\"https:\/\/lavigny.net\/de\/produkt\/fields-of-color\/\" \/>\n<meta property=\"og:site_name\" content=\"lavigny.net\" \/>\n<meta property=\"article:modified_time\" content=\"2025-09-02T07:01:14+00:00\" \/>\n<meta property=\"og:image\" content=\"https:\/\/lavigny.net\/wp-content\/uploads\/2024\/10\/champ-luxuriant.png\" \/>\n\t<meta property=\"og:image:width\" content=\"1035\" \/>\n\t<meta property=\"og:image:height\" content=\"1035\" \/>\n\t<meta property=\"og:image:type\" content=\"image\/png\" \/>\n<meta name=\"twitter:card\" content=\"summary_large_image\" \/>\n<script type=\"application\/ld+json\" class=\"yoast-schema-graph\">{\"@context\":\"https:\\\/\\\/schema.org\",\"@graph\":[{\"@type\":\"WebPage\",\"@id\":\"https:\\\/\\\/lavigny.net\\\/de\\\/produkt\\\/fields-of-color\\\/\",\"url\":\"https:\\\/\\\/lavigny.net\\\/de\\\/produkt\\\/fields-of-color\\\/\",\"name\":\"Champ Luxuriant - lavigny.net\",\"isPartOf\":{\"@id\":\"https:\\\/\\\/lavigny.net\\\/de\\\/#website\"},\"primaryImageOfPage\":{\"@id\":\"https:\\\/\\\/lavigny.net\\\/de\\\/produkt\\\/fields-of-color\\\/#primaryimage\"},\"image\":{\"@id\":\"https:\\\/\\\/lavigny.net\\\/de\\\/produkt\\\/fields-of-color\\\/#primaryimage\"},\"thumbnailUrl\":\"https:\\\/\\\/lavigny.net\\\/wp-content\\\/uploads\\\/2024\\\/10\\\/champ-luxuriant.png\",\"datePublished\":\"2024-10-28T08:56:00+00:00\",\"dateModified\":\"2025-09-02T07:01:14+00:00\",\"breadcrumb\":{\"@id\":\"https:\\\/\\\/lavigny.net\\\/de\\\/produkt\\\/fields-of-color\\\/#breadcrumb\"},\"inLanguage\":\"de\",\"potentialAction\":[{\"@type\":\"ReadAction\",\"target\":[\"https:\\\/\\\/lavigny.net\\\/de\\\/produkt\\\/fields-of-color\\\/\"]}]},{\"@type\":\"ImageObject\",\"inLanguage\":\"de\",\"@id\":\"https:\\\/\\\/lavigny.net\\\/de\\\/produkt\\\/fields-of-color\\\/#primaryimage\",\"url\":\"https:\\\/\\\/lavigny.net\\\/wp-content\\\/uploads\\\/2024\\\/10\\\/champ-luxuriant.png\",\"contentUrl\":\"https:\\\/\\\/lavigny.net\\\/wp-content\\\/uploads\\\/2024\\\/10\\\/champ-luxuriant.png\",\"width\":1035,\"height\":1035},{\"@type\":\"BreadcrumbList\",\"@id\":\"https:\\\/\\\/lavigny.net\\\/de\\\/produkt\\\/fields-of-color\\\/#breadcrumb\",\"itemListElement\":[{\"@type\":\"ListItem\",\"position\":1,\"name\":\"Home\",\"item\":\"https:\\\/\\\/lavigny.net\\\/de\\\/startseite\\\/\"},{\"@type\":\"ListItem\",\"position\":2,\"name\":\"Shop\",\"item\":\"https:\\\/\\\/lavigny.net\\\/de\\\/shop\\\/\"},{\"@type\":\"ListItem\",\"position\":3,\"name\":\"Champ Luxuriant\"}]},{\"@type\":\"WebSite\",\"@id\":\"https:\\\/\\\/lavigny.net\\\/de\\\/#website\",\"url\":\"https:\\\/\\\/lavigny.net\\\/de\\\/\",\"name\":\"lavigny.net\",\"description\":\"\",\"publisher\":{\"@id\":\"https:\\\/\\\/lavigny.net\\\/de\\\/#organization\"},\"potentialAction\":[{\"@type\":\"SearchAction\",\"target\":{\"@type\":\"EntryPoint\",\"urlTemplate\":\"https:\\\/\\\/lavigny.net\\\/de\\\/?s={search_term_string}\"},\"query-input\":{\"@type\":\"PropertyValueSpecification\",\"valueRequired\":true,\"valueName\":\"search_term_string\"}}],\"inLanguage\":\"de\"},{\"@type\":\"Organization\",\"@id\":\"https:\\\/\\\/lavigny.net\\\/de\\\/#organization\",\"name\":\"lavigny.net\",\"url\":\"https:\\\/\\\/lavigny.net\\\/de\\\/\",\"logo\":{\"@type\":\"ImageObject\",\"inLanguage\":\"de\",\"@id\":\"https:\\\/\\\/lavigny.net\\\/de\\\/#\\\/schema\\\/logo\\\/image\\\/\",\"url\":\"https:\\\/\\\/lavigny.net\\\/wp-content\\\/uploads\\\/2025\\\/05\\\/cropped-logo_lavigny-scaled-1.png\",\"contentUrl\":\"https:\\\/\\\/lavigny.net\\\/wp-content\\\/uploads\\\/2025\\\/05\\\/cropped-logo_lavigny-scaled-1.png\",\"width\":938,\"height\":948,\"caption\":\"lavigny.net\"},\"image\":{\"@id\":\"https:\\\/\\\/lavigny.net\\\/de\\\/#\\\/schema\\\/logo\\\/image\\\/\"}}]}<\/script>\n<!-- \/ Yoast SEO plugin. -->","yoast_head_json":{"title":"Champ Luxuriant - lavigny.net","robots":{"index":"index","follow":"follow","max-snippet":"max-snippet:-1","max-image-preview":"max-image-preview:large","max-video-preview":"max-video-preview:-1"},"canonical":"https:\/\/lavigny.net\/de\/produkt\/fields-of-color\/","og_locale":"de_DE","og_type":"article","og_title":"Champ Luxuriant - lavigny.net","og_description":"Dieser zeitlose und detailreiche doppelseitige Seidenschal entfaltet sich wie eine gemalte Wiese - ein \u00fcppiges Feld mit zarten Blumen in voller Bl\u00fcte, wundersch\u00f6n umrahmt von einem satten, tiefen Farbton. Aus edler Seide gefertigt, bietet es ein geschmeidiges, luxuri\u00f6ses Tragegef\u00fchl und leuchtende Farben auf beiden Seiten. Ob locker drapiert oder elegant gebunden \u2013 es vereint klassischen Charme mit einem ausdrucksstarken, raffinierten Finish.","og_url":"https:\/\/lavigny.net\/de\/produkt\/fields-of-color\/","og_site_name":"lavigny.net","article_modified_time":"2025-09-02T07:01:14+00:00","og_image":[{"width":1035,"height":1035,"url":"https:\/\/lavigny.net\/wp-content\/uploads\/2024\/10\/champ-luxuriant.png","type":"image\/png"}],"twitter_card":"summary_large_image","schema":{"@context":"https:\/\/schema.org","@graph":[{"@type":"WebPage","@id":"https:\/\/lavigny.net\/de\/produkt\/fields-of-color\/","url":"https:\/\/lavigny.net\/de\/produkt\/fields-of-color\/","name":"Champ Luxuriant - lavigny.net","isPartOf":{"@id":"https:\/\/lavigny.net\/de\/#website"},"primaryImageOfPage":{"@id":"https:\/\/lavigny.net\/de\/produkt\/fields-of-color\/#primaryimage"},"image":{"@id":"https:\/\/lavigny.net\/de\/produkt\/fields-of-color\/#primaryimage"},"thumbnailUrl":"https:\/\/lavigny.net\/wp-content\/uploads\/2024\/10\/champ-luxuriant.png","datePublished":"2024-10-28T08:56:00+00:00","dateModified":"2025-09-02T07:01:14+00:00","breadcrumb":{"@id":"https:\/\/lavigny.net\/de\/produkt\/fields-of-color\/#breadcrumb"},"inLanguage":"de","potentialAction":[{"@type":"ReadAction","target":["https:\/\/lavigny.net\/de\/produkt\/fields-of-color\/"]}]},{"@type":"ImageObject","inLanguage":"de","@id":"https:\/\/lavigny.net\/de\/produkt\/fields-of-color\/#primaryimage","url":"https:\/\/lavigny.net\/wp-content\/uploads\/2024\/10\/champ-luxuriant.png","contentUrl":"https:\/\/lavigny.net\/wp-content\/uploads\/2024\/10\/champ-luxuriant.png","width":1035,"height":1035},{"@type":"BreadcrumbList","@id":"https:\/\/lavigny.net\/de\/produkt\/fields-of-color\/#breadcrumb","itemListElement":[{"@type":"ListItem","position":1,"name":"Home","item":"https:\/\/lavigny.net\/de\/startseite\/"},{"@type":"ListItem","position":2,"name":"Shop","item":"https:\/\/lavigny.net\/de\/shop\/"},{"@type":"ListItem","position":3,"name":"Champ Luxuriant"}]},{"@type":"WebSite","@id":"https:\/\/lavigny.net\/de\/#website","url":"https:\/\/lavigny.net\/de\/","name":"lavigny.net","description":"","publisher":{"@id":"https:\/\/lavigny.net\/de\/#organization"},"potentialAction":[{"@type":"SearchAction","target":{"@type":"EntryPoint","urlTemplate":"https:\/\/lavigny.net\/de\/?s={search_term_string}"},"query-input":{"@type":"PropertyValueSpecification","valueRequired":true,"valueName":"search_term_string"}}],"inLanguage":"de"},{"@type":"Organization","@id":"https:\/\/lavigny.net\/de\/#organization","name":"lavigny.net","url":"https:\/\/lavigny.net\/de\/","logo":{"@type":"ImageObject","inLanguage":"de","@id":"https:\/\/lavigny.net\/de\/#\/schema\/logo\/image\/","url":"https:\/\/lavigny.net\/wp-content\/uploads\/2025\/05\/cropped-logo_lavigny-scaled-1.png","contentUrl":"https:\/\/lavigny.net\/wp-content\/uploads\/2025\/05\/cropped-logo_lavigny-scaled-1.png","width":938,"height":948,"caption":"lavigny.net"},"image":{"@id":"https:\/\/lavigny.net\/de\/#\/schema\/logo\/image\/"}}]}},"_links":{"self":[{"href":"https:\/\/lavigny.net\/de\/wp-json\/wp\/v2\/product\/9114","targetHints":{"allow":["GET"]}}],"collection":[{"href":"https:\/\/lavigny.net\/de\/wp-json\/wp\/v2\/product"}],"about":[{"href":"https:\/\/lavigny.net\/de\/wp-json\/wp\/v2\/types\/product"}],"replies":[{"embeddable":true,"href":"https:\/\/lavigny.net\/de\/wp-json\/wp\/v2\/comments?post=9114"}],"wp:featuredmedia":[{"embeddable":true,"href":"https:\/\/lavigny.net\/de\/wp-json\/wp\/v2\/media\/9373"}],"wp:attachment":[{"href":"https:\/\/lavigny.net\/de\/wp-json\/wp\/v2\/media?parent=9114"}],"wp:term":[{"taxonomy":"product_brand","embeddable":true,"href":"https:\/\/lavigny.net\/de\/wp-json\/wp\/v2\/product_brand?post=9114"},{"taxonomy":"product_cat","embeddable":true,"href":"https:\/\/lavigny.net\/de\/wp-json\/wp\/v2\/product_cat?post=9114"},{"taxonomy":"product_tag","embeddable":true,"href":"https:\/\/lavigny.net\/de\/wp-json\/wp\/v2\/product_tag?post=9114"}],"curies":[{"name":"wp","href":"https:\/\/api.w.org\/{rel}","templated":true}]}}