{"id":9112,"date":"2024-10-28T08:14:30","date_gmt":"2024-10-28T08:14:30","guid":{"rendered":"https:\/\/lavigny.net\/product\/abstract-blossom\/"},"modified":"2025-09-02T07:03:55","modified_gmt":"2025-09-02T07:03:55","slug":"abstract-blossom","status":"publish","type":"product","link":"https:\/\/lavigny.net\/de\/produkt\/abstract-blossom\/","title":{"rendered":"Mosa\u00efque Botanique"},"content":{"rendered":"<ul>\n<li>Doubleface-Seidentuch<\/li>\n<li>100% Seide (17.5 mommes)<\/li>\n<li>Handgerollte Veredelung<\/li>\n<li>Hergestellt in Frankreich<\/li>\n<li>Nur chemisch reinigen<\/li>\n<\/ul>\n","protected":false},"excerpt":{"rendered":"<p class=\"\" data-start=\"196\" data-end=\"472\">Dieses doppelseitige Seidentuch f\u00e4ngt die Essenz einer Bl\u00fcte ein \u2013 nicht so, wie die Natur sie sieht, sondern wie die Fantasie sie neu interpretiert. Mit abstrakten floralen Formen und einem raffinierten Spiel aus Licht und Schatten, Weichheit und Struktur, verk\u00f6rpert es Sch\u00f6nheit in Bewegung. <\/p>\n<p class=\"\" data-start=\"474\" data-end=\"689\">Auf Seide gedruckt, bietet das Tuch einen flie\u00dfenden Fall und einen seidigen Glanz auf beiden Seiten. Ob zu minimalistischen Outfits kombiniert oder effektvoll in Lagen getragen \u2013 es verleiht Ihrer Garderobe eine grafische und poetische Note. <\/p>\n","protected":false},"featured_media":9304,"comment_status":"open","ping_status":"closed","template":"","meta":{"inline_featured_image":false},"product_brand":[],"product_cat":[179,177,178,180],"product_tag":[],"class_list":{"0":"post-9112","1":"product","2":"type-product","3":"status-publish","4":"has-post-thumbnail","6":"product_cat-90-x-90-klassisch","7":"product_cat-doubleface-seidentucher","8":"product_cat-seide","9":"product_cat-whimsical-gardens","11":"first","12":"instock","13":"taxable","14":"shipping-taxable","15":"purchasable","16":"product-type-variable"},"yoast_head":"<!-- This site is optimized with the Yoast SEO plugin v27.4 - https:\/\/yoast.com\/product\/yoast-seo-wordpress\/ -->\n<title>Mosa\u00efque Botanique - lavigny.net<\/title>\n<meta name=\"robots\" content=\"index, follow, max-snippet:-1, max-image-preview:large, max-video-preview:-1\" \/>\n<link rel=\"canonical\" href=\"https:\/\/lavigny.net\/de\/produkt\/abstract-blossom\/\" \/>\n<meta property=\"og:locale\" content=\"de_DE\" \/>\n<meta property=\"og:type\" content=\"article\" \/>\n<meta property=\"og:title\" content=\"Mosa\u00efque Botanique - lavigny.net\" \/>\n<meta property=\"og:description\" content=\"Dieses doppelseitige Seidentuch f\u00e4ngt die Essenz einer Bl\u00fcte ein \u2013 nicht so, wie die Natur sie sieht, sondern wie die Fantasie sie neu interpretiert. Mit abstrakten floralen Formen und einem raffinierten Spiel aus Licht und Schatten, Weichheit und Struktur, verk\u00f6rpert es Sch\u00f6nheit in Bewegung. Auf Seide gedruckt, bietet das Tuch einen flie\u00dfenden Fall und einen seidigen Glanz auf beiden Seiten. Ob zu minimalistischen Outfits kombiniert oder effektvoll in Lagen getragen \u2013 es verleiht Ihrer Garderobe eine grafische und poetische Note.\" \/>\n<meta property=\"og:url\" content=\"https:\/\/lavigny.net\/de\/produkt\/abstract-blossom\/\" \/>\n<meta property=\"og:site_name\" content=\"lavigny.net\" \/>\n<meta property=\"article:modified_time\" content=\"2025-09-02T07:03:55+00:00\" \/>\n<meta property=\"og:image\" content=\"https:\/\/lavigny.net\/wp-content\/uploads\/2024\/10\/Eclat-de-Volupte.png\" \/>\n\t<meta property=\"og:image:width\" content=\"1035\" \/>\n\t<meta property=\"og:image:height\" content=\"1035\" \/>\n\t<meta property=\"og:image:type\" content=\"image\/png\" \/>\n<meta name=\"twitter:card\" content=\"summary_large_image\" \/>\n<script type=\"application\/ld+json\" class=\"yoast-schema-graph\">{\"@context\":\"https:\\\/\\\/schema.org\",\"@graph\":[{\"@type\":\"WebPage\",\"@id\":\"https:\\\/\\\/lavigny.net\\\/de\\\/produkt\\\/abstract-blossom\\\/\",\"url\":\"https:\\\/\\\/lavigny.net\\\/de\\\/produkt\\\/abstract-blossom\\\/\",\"name\":\"Mosa\u00efque Botanique - lavigny.net\",\"isPartOf\":{\"@id\":\"https:\\\/\\\/lavigny.net\\\/de\\\/#website\"},\"primaryImageOfPage\":{\"@id\":\"https:\\\/\\\/lavigny.net\\\/de\\\/produkt\\\/abstract-blossom\\\/#primaryimage\"},\"image\":{\"@id\":\"https:\\\/\\\/lavigny.net\\\/de\\\/produkt\\\/abstract-blossom\\\/#primaryimage\"},\"thumbnailUrl\":\"https:\\\/\\\/lavigny.net\\\/wp-content\\\/uploads\\\/2024\\\/10\\\/Eclat-de-Volupte.png\",\"datePublished\":\"2024-10-28T08:14:30+00:00\",\"dateModified\":\"2025-09-02T07:03:55+00:00\",\"breadcrumb\":{\"@id\":\"https:\\\/\\\/lavigny.net\\\/de\\\/produkt\\\/abstract-blossom\\\/#breadcrumb\"},\"inLanguage\":\"de\",\"potentialAction\":[{\"@type\":\"ReadAction\",\"target\":[\"https:\\\/\\\/lavigny.net\\\/de\\\/produkt\\\/abstract-blossom\\\/\"]}]},{\"@type\":\"ImageObject\",\"inLanguage\":\"de\",\"@id\":\"https:\\\/\\\/lavigny.net\\\/de\\\/produkt\\\/abstract-blossom\\\/#primaryimage\",\"url\":\"https:\\\/\\\/lavigny.net\\\/wp-content\\\/uploads\\\/2024\\\/10\\\/Eclat-de-Volupte.png\",\"contentUrl\":\"https:\\\/\\\/lavigny.net\\\/wp-content\\\/uploads\\\/2024\\\/10\\\/Eclat-de-Volupte.png\",\"width\":1035,\"height\":1035},{\"@type\":\"BreadcrumbList\",\"@id\":\"https:\\\/\\\/lavigny.net\\\/de\\\/produkt\\\/abstract-blossom\\\/#breadcrumb\",\"itemListElement\":[{\"@type\":\"ListItem\",\"position\":1,\"name\":\"Home\",\"item\":\"https:\\\/\\\/lavigny.net\\\/de\\\/startseite\\\/\"},{\"@type\":\"ListItem\",\"position\":2,\"name\":\"Shop\",\"item\":\"https:\\\/\\\/lavigny.net\\\/de\\\/shop\\\/\"},{\"@type\":\"ListItem\",\"position\":3,\"name\":\"Mosa\u00efque Botanique\"}]},{\"@type\":\"WebSite\",\"@id\":\"https:\\\/\\\/lavigny.net\\\/de\\\/#website\",\"url\":\"https:\\\/\\\/lavigny.net\\\/de\\\/\",\"name\":\"lavigny.net\",\"description\":\"\",\"publisher\":{\"@id\":\"https:\\\/\\\/lavigny.net\\\/de\\\/#organization\"},\"potentialAction\":[{\"@type\":\"SearchAction\",\"target\":{\"@type\":\"EntryPoint\",\"urlTemplate\":\"https:\\\/\\\/lavigny.net\\\/de\\\/?s={search_term_string}\"},\"query-input\":{\"@type\":\"PropertyValueSpecification\",\"valueRequired\":true,\"valueName\":\"search_term_string\"}}],\"inLanguage\":\"de\"},{\"@type\":\"Organization\",\"@id\":\"https:\\\/\\\/lavigny.net\\\/de\\\/#organization\",\"name\":\"lavigny.net\",\"url\":\"https:\\\/\\\/lavigny.net\\\/de\\\/\",\"logo\":{\"@type\":\"ImageObject\",\"inLanguage\":\"de\",\"@id\":\"https:\\\/\\\/lavigny.net\\\/de\\\/#\\\/schema\\\/logo\\\/image\\\/\",\"url\":\"https:\\\/\\\/lavigny.net\\\/wp-content\\\/uploads\\\/2025\\\/05\\\/cropped-logo_lavigny-scaled-1.png\",\"contentUrl\":\"https:\\\/\\\/lavigny.net\\\/wp-content\\\/uploads\\\/2025\\\/05\\\/cropped-logo_lavigny-scaled-1.png\",\"width\":938,\"height\":948,\"caption\":\"lavigny.net\"},\"image\":{\"@id\":\"https:\\\/\\\/lavigny.net\\\/de\\\/#\\\/schema\\\/logo\\\/image\\\/\"}}]}<\/script>\n<!-- \/ Yoast SEO plugin. -->","yoast_head_json":{"title":"Mosa\u00efque Botanique - lavigny.net","robots":{"index":"index","follow":"follow","max-snippet":"max-snippet:-1","max-image-preview":"max-image-preview:large","max-video-preview":"max-video-preview:-1"},"canonical":"https:\/\/lavigny.net\/de\/produkt\/abstract-blossom\/","og_locale":"de_DE","og_type":"article","og_title":"Mosa\u00efque Botanique - lavigny.net","og_description":"Dieses doppelseitige Seidentuch f\u00e4ngt die Essenz einer Bl\u00fcte ein \u2013 nicht so, wie die Natur sie sieht, sondern wie die Fantasie sie neu interpretiert. Mit abstrakten floralen Formen und einem raffinierten Spiel aus Licht und Schatten, Weichheit und Struktur, verk\u00f6rpert es Sch\u00f6nheit in Bewegung. Auf Seide gedruckt, bietet das Tuch einen flie\u00dfenden Fall und einen seidigen Glanz auf beiden Seiten. Ob zu minimalistischen Outfits kombiniert oder effektvoll in Lagen getragen \u2013 es verleiht Ihrer Garderobe eine grafische und poetische Note.","og_url":"https:\/\/lavigny.net\/de\/produkt\/abstract-blossom\/","og_site_name":"lavigny.net","article_modified_time":"2025-09-02T07:03:55+00:00","og_image":[{"width":1035,"height":1035,"url":"https:\/\/lavigny.net\/wp-content\/uploads\/2024\/10\/Eclat-de-Volupte.png","type":"image\/png"}],"twitter_card":"summary_large_image","schema":{"@context":"https:\/\/schema.org","@graph":[{"@type":"WebPage","@id":"https:\/\/lavigny.net\/de\/produkt\/abstract-blossom\/","url":"https:\/\/lavigny.net\/de\/produkt\/abstract-blossom\/","name":"Mosa\u00efque Botanique - lavigny.net","isPartOf":{"@id":"https:\/\/lavigny.net\/de\/#website"},"primaryImageOfPage":{"@id":"https:\/\/lavigny.net\/de\/produkt\/abstract-blossom\/#primaryimage"},"image":{"@id":"https:\/\/lavigny.net\/de\/produkt\/abstract-blossom\/#primaryimage"},"thumbnailUrl":"https:\/\/lavigny.net\/wp-content\/uploads\/2024\/10\/Eclat-de-Volupte.png","datePublished":"2024-10-28T08:14:30+00:00","dateModified":"2025-09-02T07:03:55+00:00","breadcrumb":{"@id":"https:\/\/lavigny.net\/de\/produkt\/abstract-blossom\/#breadcrumb"},"inLanguage":"de","potentialAction":[{"@type":"ReadAction","target":["https:\/\/lavigny.net\/de\/produkt\/abstract-blossom\/"]}]},{"@type":"ImageObject","inLanguage":"de","@id":"https:\/\/lavigny.net\/de\/produkt\/abstract-blossom\/#primaryimage","url":"https:\/\/lavigny.net\/wp-content\/uploads\/2024\/10\/Eclat-de-Volupte.png","contentUrl":"https:\/\/lavigny.net\/wp-content\/uploads\/2024\/10\/Eclat-de-Volupte.png","width":1035,"height":1035},{"@type":"BreadcrumbList","@id":"https:\/\/lavigny.net\/de\/produkt\/abstract-blossom\/#breadcrumb","itemListElement":[{"@type":"ListItem","position":1,"name":"Home","item":"https:\/\/lavigny.net\/de\/startseite\/"},{"@type":"ListItem","position":2,"name":"Shop","item":"https:\/\/lavigny.net\/de\/shop\/"},{"@type":"ListItem","position":3,"name":"Mosa\u00efque Botanique"}]},{"@type":"WebSite","@id":"https:\/\/lavigny.net\/de\/#website","url":"https:\/\/lavigny.net\/de\/","name":"lavigny.net","description":"","publisher":{"@id":"https:\/\/lavigny.net\/de\/#organization"},"potentialAction":[{"@type":"SearchAction","target":{"@type":"EntryPoint","urlTemplate":"https:\/\/lavigny.net\/de\/?s={search_term_string}"},"query-input":{"@type":"PropertyValueSpecification","valueRequired":true,"valueName":"search_term_string"}}],"inLanguage":"de"},{"@type":"Organization","@id":"https:\/\/lavigny.net\/de\/#organization","name":"lavigny.net","url":"https:\/\/lavigny.net\/de\/","logo":{"@type":"ImageObject","inLanguage":"de","@id":"https:\/\/lavigny.net\/de\/#\/schema\/logo\/image\/","url":"https:\/\/lavigny.net\/wp-content\/uploads\/2025\/05\/cropped-logo_lavigny-scaled-1.png","contentUrl":"https:\/\/lavigny.net\/wp-content\/uploads\/2025\/05\/cropped-logo_lavigny-scaled-1.png","width":938,"height":948,"caption":"lavigny.net"},"image":{"@id":"https:\/\/lavigny.net\/de\/#\/schema\/logo\/image\/"}}]}},"_links":{"self":[{"href":"https:\/\/lavigny.net\/de\/wp-json\/wp\/v2\/product\/9112","targetHints":{"allow":["GET"]}}],"collection":[{"href":"https:\/\/lavigny.net\/de\/wp-json\/wp\/v2\/product"}],"about":[{"href":"https:\/\/lavigny.net\/de\/wp-json\/wp\/v2\/types\/product"}],"replies":[{"embeddable":true,"href":"https:\/\/lavigny.net\/de\/wp-json\/wp\/v2\/comments?post=9112"}],"wp:featuredmedia":[{"embeddable":true,"href":"https:\/\/lavigny.net\/de\/wp-json\/wp\/v2\/media\/9304"}],"wp:attachment":[{"href":"https:\/\/lavigny.net\/de\/wp-json\/wp\/v2\/media?parent=9112"}],"wp:term":[{"taxonomy":"product_brand","embeddable":true,"href":"https:\/\/lavigny.net\/de\/wp-json\/wp\/v2\/product_brand?post=9112"},{"taxonomy":"product_cat","embeddable":true,"href":"https:\/\/lavigny.net\/de\/wp-json\/wp\/v2\/product_cat?post=9112"},{"taxonomy":"product_tag","embeddable":true,"href":"https:\/\/lavigny.net\/de\/wp-json\/wp\/v2\/product_tag?post=9112"}],"curies":[{"name":"wp","href":"https:\/\/api.w.org\/{rel}","templated":true}]}}